{"id":739,"date":"2025-10-02T10:08:22","date_gmt":"2025-10-02T10:08:22","guid":{"rendered":"https:\/\/pedaole.com\/mieten\/"},"modified":"2026-05-07T08:41:21","modified_gmt":"2026-05-07T08:41:21","slug":"mieten","status":"publish","type":"page","link":"https:\/\/pedaole.com\/de\/mieten\/","title":{"rendered":"Mieten"},"content":{"rendered":"\t\t<div data-elementor-type=\"wp-page\" data-elementor-id=\"739\" class=\"elementor elementor-739\">\n\t\t\t\t<div class=\"elementor-element elementor-element-170b81c1 e-flex e-con-boxed e-con e-parent\" data-id=\"170b81c1\" data-element_type=\"container\" data-e-type=\"container\">\n\t\t\t\t\t<div class=\"e-con-inner\">\n\t\t\t\t<div class=\"elementor-element elementor-element-18c6bb8a elementor-widget elementor-widget-heading\" data-id=\"18c6bb8a\" data-element_type=\"widget\" data-e-type=\"widget\" data-widget_type=\"heading.default\">\n\t\t\t\t\t<span class=\"elementor-heading-title elementor-size-default\">Erkunde Sevilla in deinem eigenen Tempo mit Pedaol\u00e9\n<\/span>\t\t\t\t<\/div>\n\t\t\t\t<div class=\"elementor-element elementor-element-127f6835 elementor-widget-divider--view-line elementor-widget elementor-widget-divider\" data-id=\"127f6835\" data-element_type=\"widget\" data-e-type=\"widget\" data-widget_type=\"divider.default\">\n\t\t\t\t\t\t\t<div class=\"elementor-divider\">\n\t\t\t<span class=\"elementor-divider-separator\">\n\t\t\t\t\t\t<\/span>\n\t\t<\/div>\n\t\t\t\t\t\t<\/div>\n\t\t\t\t<div class=\"elementor-element elementor-element-b3192af elementor-widget elementor-widget-heading\" data-id=\"b3192af\" data-element_type=\"widget\" data-e-type=\"widget\" data-widget_type=\"heading.default\">\n\t\t\t\t\t<span class=\"elementor-heading-title elementor-size-default\">Zus\u00e4tzlich zu unseren Touren bieten wir bei Pedaol\u00e9 den besten Fahrrad- und E-Scooter-Verleihservice in Sevilla an. Egal, ob du die Stadt erkunden, nachhaltigen Tourismus genie\u00dfen oder dich t\u00e4glich fortbewegen m\u00f6chtest, wir haben die perfekte Option f\u00fcr dich: von klassischen Fahrr\u00e4dern \u00fcber E-Bikes bis hin zu E-Scootern.<br><br>W\u00e4hle dein Fahrzeug, buche einfach und genie\u00dfe Sevilla in v\u00f6lliger Freiheit.\n<\/span>\t\t\t\t<\/div>\n\t\t\t\t\t<\/div>\n\t\t\t\t<\/div>\n\t\t<div class=\"elementor-element elementor-element-3bfeb97 e-flex e-con-boxed e-con e-parent\" data-id=\"3bfeb97\" data-element_type=\"container\" data-e-type=\"container\">\n\t\t\t\t\t<div class=\"e-con-inner\">\n\t\t<div class=\"elementor-element elementor-element-bf3318d e-con-full e-flex e-con e-child\" data-id=\"bf3318d\" data-element_type=\"container\" data-e-type=\"container\">\n\t\t<div class=\"elementor-element elementor-element-c1e831c e-grid e-con-full e-con e-child\" data-id=\"c1e831c\" data-element_type=\"container\" data-e-type=\"container\">\n\t\t\t\t<div class=\"elementor-element elementor-element-79a08c4 elementor-widget elementor-widget-image\" data-id=\"79a08c4\" data-element_type=\"widget\" data-e-type=\"widget\" data-widget_type=\"image.default\">\n\t\t\t\t\t\t\t\t\t\t\t\t\t\t\t<img decoding=\"async\" src=\"https:\/\/pedaole.com\/wp-content\/uploads\/elementor\/thumbs\/e-scooter-rcm0b0xmn2d265wdvhm4gzrebt1tmgtvs125o4rt4o.webp\" title=\"e-scooter\" alt=\"e-scooter\" loading=\"lazy\" \/>\t\t\t\t\t\t\t\t\t\t\t\t\t\t\t<\/div>\n\t\t<div class=\"elementor-element elementor-element-eadbb95 e-con-full e-flex e-con e-child\" data-id=\"eadbb95\" data-element_type=\"container\" data-e-type=\"container\">\n\t\t\t\t<div class=\"elementor-element elementor-element-2c59defd elementor-widget elementor-widget-heading\" data-id=\"2c59defd\" data-element_type=\"widget\" data-e-type=\"widget\" data-widget_type=\"heading.default\">\n\t\t\t\t\t<span class=\"elementor-heading-title elementor-size-default\">E-Scooter<\/span>\t\t\t\t<\/div>\n\t\t\t\t<div class=\"elementor-element elementor-element-727363b elementor-widget elementor-widget-heading\" data-id=\"727363b\" data-element_type=\"widget\" data-e-type=\"widget\" data-widget_type=\"heading.default\">\n\t\t\t\t\t<span class=\"elementor-heading-title elementor-size-default\">Ab 40 \u20ac\/Tag<\/span>\t\t\t\t<\/div>\n\t\t\t\t<div class=\"elementor-element elementor-element-f4c0eef elementor-widget elementor-widget-heading\" data-id=\"f4c0eef\" data-element_type=\"widget\" data-e-type=\"widget\" data-widget_type=\"heading.default\">\n\t\t\t\t\t<span class=\"elementor-heading-title elementor-size-default\">Erkunde Sevilla m\u00fchelos, indem du unsere E-Scooter mietest. Eine schnelle, umweltfreundliche und unterhaltsame Alternative, um sich in der Stadt fortzubewegen. Perfekt f\u00fcr Stadtrundfahrten, eine andere Art von Sightseeing oder sogar f\u00fcr den t\u00e4glichen Weg zur Arbeit.\n<\/span>\t\t\t\t<\/div>\n\t\t\t\t<div class=\"elementor-element elementor-element-9415d52 elementor-align-left elementor-widget elementor-widget-button\" data-id=\"9415d52\" data-element_type=\"widget\" data-e-type=\"widget\" data-widget_type=\"button.default\">\n\t\t\t\t\t\t\t\t\t\t<a class=\"elementor-button elementor-button-link elementor-size-sm\" href=\"https:\/\/wa.me\/34674971577?text=\">\n\t\t\t\t\t\t<span class=\"elementor-button-content-wrapper\">\n\t\t\t\t\t\t\t\t\t<span class=\"elementor-button-text\">E-Scooter buchen<\/span>\n\t\t\t\t\t<\/span>\n\t\t\t\t\t<\/a>\n\t\t\t\t\t\t\t\t<\/div>\n\t\t\t\t<\/div>\n\t\t\t\t<\/div>\n\t\t\t\t<\/div>\n\t\t\t\t\t<\/div>\n\t\t\t\t<\/div>\n\t\t<div class=\"elementor-element elementor-element-2b3fc89 e-flex e-con-boxed e-con e-parent\" data-id=\"2b3fc89\" data-element_type=\"container\" data-e-type=\"container\">\n\t\t\t\t\t<div class=\"e-con-inner\">\n\t\t<div class=\"elementor-element elementor-element-916574f e-con-full e-flex e-con e-child\" data-id=\"916574f\" data-element_type=\"container\" data-e-type=\"container\">\n\t\t<div class=\"elementor-element elementor-element-c1f080f e-grid e-con-full e-con e-child\" data-id=\"c1f080f\" data-element_type=\"container\" data-e-type=\"container\">\n\t\t\t\t<div class=\"elementor-element elementor-element-d953791 elementor-widget elementor-widget-image\" data-id=\"d953791\" data-element_type=\"widget\" data-e-type=\"widget\" data-widget_type=\"image.default\">\n\t\t\t\t\t\t\t\t\t\t\t\t\t\t\t<img decoding=\"async\" src=\"https:\/\/pedaole.com\/wp-content\/uploads\/elementor\/thumbs\/e-bike-e1759820651910-rcugknm8xx21eb52d97zvvsbc002obzd3gqdvrprug.webp\" title=\"e-bike\" alt=\"e-bike\" loading=\"lazy\" \/>\t\t\t\t\t\t\t\t\t\t\t\t\t\t\t<\/div>\n\t\t<div class=\"elementor-element elementor-element-5a297e8 e-con-full e-flex e-con e-child\" data-id=\"5a297e8\" data-element_type=\"container\" data-e-type=\"container\">\n\t\t\t\t<div class=\"elementor-element elementor-element-e04e48c elementor-widget elementor-widget-heading\" data-id=\"e04e48c\" data-element_type=\"widget\" data-e-type=\"widget\" data-widget_type=\"heading.default\">\n\t\t\t\t\t<span class=\"elementor-heading-title elementor-size-default\">E-Bike<\/span>\t\t\t\t<\/div>\n\t\t\t\t<div class=\"elementor-element elementor-element-82ff8ba elementor-widget elementor-widget-heading\" data-id=\"82ff8ba\" data-element_type=\"widget\" data-e-type=\"widget\" data-widget_type=\"heading.default\">\n\t\t\t\t\t<span class=\"elementor-heading-title elementor-size-default\">Ab 30 \u20ac\/Tag<\/span>\t\t\t\t<\/div>\n\t\t\t\t<div class=\"elementor-element elementor-element-37ee240 elementor-widget elementor-widget-heading\" data-id=\"37ee240\" data-element_type=\"widget\" data-e-type=\"widget\" data-widget_type=\"heading.default\">\n\t\t\t\t\t<span class=\"elementor-heading-title elementor-size-default\">Pedaol\u00e9 E-Bikes sind ideal f\u00fcr lange Strecken oder Sightseeing-Touren, ohne m\u00fcde zu werden. Dank ihrer gro\u00dfen Reichweite und ihres modernen Designs kannst du Sevilla in vollem Komfort und v\u00f6lliger Freiheit genie\u00dfen.\n<\/span>\t\t\t\t<\/div>\n\t\t\t\t<div class=\"elementor-element elementor-element-f712108 elementor-align-left elementor-widget elementor-widget-button\" data-id=\"f712108\" data-element_type=\"widget\" data-e-type=\"widget\" data-widget_type=\"button.default\">\n\t\t\t\t\t\t\t\t\t\t<a class=\"elementor-button elementor-button-link elementor-size-sm\" href=\"https:\/\/wa.me\/34674971577?text=\">\n\t\t\t\t\t\t<span class=\"elementor-button-content-wrapper\">\n\t\t\t\t\t\t\t\t\t<span class=\"elementor-button-text\">E-Bike buchen<\/span>\n\t\t\t\t\t<\/span>\n\t\t\t\t\t<\/a>\n\t\t\t\t\t\t\t\t<\/div>\n\t\t\t\t<\/div>\n\t\t\t\t<\/div>\n\t\t\t\t<\/div>\n\t\t\t\t\t<\/div>\n\t\t\t\t<\/div>\n\t\t<div class=\"elementor-element elementor-element-facfc95 e-flex e-con-boxed e-con e-parent\" data-id=\"facfc95\" data-element_type=\"container\" data-e-type=\"container\">\n\t\t\t\t\t<div class=\"e-con-inner\">\n\t\t<div class=\"elementor-element elementor-element-c98b9b3 e-con-full e-flex e-con e-child\" data-id=\"c98b9b3\" data-element_type=\"container\" data-e-type=\"container\">\n\t\t<div class=\"elementor-element elementor-element-84868b6 e-grid e-con-full e-con e-child\" data-id=\"84868b6\" data-element_type=\"container\" data-e-type=\"container\">\n\t\t\t\t<div class=\"elementor-element elementor-element-20d456d elementor-widget elementor-widget-image\" data-id=\"20d456d\" data-element_type=\"widget\" data-e-type=\"widget\" data-widget_type=\"image.default\">\n\t\t\t\t\t\t\t\t\t\t\t\t\t\t\t<img decoding=\"async\" src=\"https:\/\/pedaole.com\/wp-content\/uploads\/elementor\/thumbs\/dutch-bike-e1759820799187-rcugoiqd1ech4lizsxcs4woj90yebjbmyla8wpzi9k.webp\" title=\"dutch-bike\" alt=\"dutch-bike\" loading=\"lazy\" \/>\t\t\t\t\t\t\t\t\t\t\t\t\t\t\t<\/div>\n\t\t<div class=\"elementor-element elementor-element-f14c00a e-con-full e-flex e-con e-child\" data-id=\"f14c00a\" data-element_type=\"container\" data-e-type=\"container\">\n\t\t\t\t<div class=\"elementor-element elementor-element-294671f elementor-widget elementor-widget-heading\" data-id=\"294671f\" data-element_type=\"widget\" data-e-type=\"widget\" data-widget_type=\"heading.default\">\n\t\t\t\t\t<span class=\"elementor-heading-title elementor-size-default\">Hollandrad<\/span>\t\t\t\t<\/div>\n\t\t\t\t<div class=\"elementor-element elementor-element-d12b861 elementor-widget elementor-widget-heading\" data-id=\"d12b861\" data-element_type=\"widget\" data-e-type=\"widget\" data-widget_type=\"heading.default\">\n\t\t\t\t\t<span class=\"elementor-heading-title elementor-size-default\">Ab 12 \u20ac\/Tag<\/span>\t\t\t\t<\/div>\n\t\t\t\t<div class=\"elementor-element elementor-element-5c97974 elementor-widget elementor-widget-heading\" data-id=\"5c97974\" data-element_type=\"widget\" data-e-type=\"widget\" data-widget_type=\"heading.default\">\n\t\t\t\t\t<span class=\"elementor-heading-title elementor-size-default\">Die g\u00fcnstigste, ges\u00fcndeste und unterhaltsamste Art, Sevilla zu erkunden. Perfekt f\u00fcr alle Altersgruppen und Niveaus, unsere Hollandr\u00e4der sind bequem und sicher, ideal f\u00fcr alle, die die Stadt in ihrem eigenen Tempo genie\u00dfen m\u00f6chten.<\/span>\t\t\t\t<\/div>\n\t\t\t\t<div class=\"elementor-element elementor-element-9057463 elementor-align-left elementor-widget elementor-widget-button\" data-id=\"9057463\" data-element_type=\"widget\" data-e-type=\"widget\" data-widget_type=\"button.default\">\n\t\t\t\t\t\t\t\t\t\t<a class=\"elementor-button elementor-button-link elementor-size-sm\" href=\"https:\/\/wa.me\/34674971577?text=\">\n\t\t\t\t\t\t<span class=\"elementor-button-content-wrapper\">\n\t\t\t\t\t\t\t\t\t<span class=\"elementor-button-text\">Hollandrad buchen<\/span>\n\t\t\t\t\t<\/span>\n\t\t\t\t\t<\/a>\n\t\t\t\t\t\t\t\t<\/div>\n\t\t\t\t<\/div>\n\t\t\t\t<\/div>\n\t\t\t\t<\/div>\n\t\t\t\t\t<\/div>\n\t\t\t\t<\/div>\n\t\t<div class=\"elementor-element elementor-element-a446764 e-flex e-con-boxed e-con e-parent\" data-id=\"a446764\" data-element_type=\"container\" data-e-type=\"container\">\n\t\t\t\t\t<div class=\"e-con-inner\">\n\t\t\t\t<div class=\"elementor-element elementor-element-30d95994 elementor-widget elementor-widget-heading\" data-id=\"30d95994\" data-element_type=\"widget\" data-e-type=\"widget\" data-widget_type=\"heading.default\">\n\t\t\t\t\t<span class=\"elementor-heading-title elementor-size-default\">Suchst du mehr als nur ein Fahrrad?<\/span>\t\t\t\t<\/div>\n\t\t\t\t<div class=\"elementor-element elementor-element-50c8b77c elementor-widget elementor-widget-heading\" data-id=\"50c8b77c\" data-element_type=\"widget\" data-e-type=\"widget\" data-widget_type=\"heading.default\">\n\t\t\t\t\t<span class=\"elementor-heading-title elementor-size-default\">Entdecke Sevilla mit einem lokalen Guide! Unsere Fahrradtouren f\u00fchren dich \u00fcber die Fahrt hinaus \u2013 entdecke ikonische Wahrzeichen, versteckte Ecken und authentische Geschichten, die die Stadt lebendig werden lassen.<\/span>\t\t\t\t<\/div>\n\t\t\t\t<div class=\"elementor-element elementor-element-78178f1d elementor-align-center elementor-widget elementor-widget-button\" data-id=\"78178f1d\" data-element_type=\"widget\" data-e-type=\"widget\" data-widget_type=\"button.default\">\n\t\t\t\t\t\t\t\t\t\t<a class=\"elementor-button elementor-button-link elementor-size-sm\" href=\"https:\/\/pedaole.com\/de\/buchungskalender\/\">\n\t\t\t\t\t\t<span class=\"elementor-button-content-wrapper\">\n\t\t\t\t\t\t\t\t\t<span class=\"elementor-button-text\">\ud83d\udc49 Buche eine Tour mit Guide<\/span>\n\t\t\t\t\t<\/span>\n\t\t\t\t\t<\/a>\n\t\t\t\t\t\t\t\t<\/div>\n\t\t\t\t\t<\/div>\n\t\t\t\t<\/div>\n\t\t\t\t<\/div>\n\t\t","protected":false},"excerpt":{"rendered":"<p>Erkunde Sevilla in deinem eigenen Tempo mit Pedaol\u00e9 Zus\u00e4tzlich zu unseren Touren bieten wir bei Pedaol\u00e9 den besten Fahrrad- und [&hellip;]<\/p>\n","protected":false},"author":1,"featured_media":0,"parent":0,"menu_order":0,"comment_status":"closed","ping_status":"closed","template":"","meta":{"site-sidebar-layout":"no-sidebar","site-content-layout":"","ast-site-content-layout":"full-width-container","site-content-style":"default","site-sidebar-style":"default","ast-global-header-display":"","ast-banner-title-visibility":"","ast-main-header-display":"","ast-hfb-above-header-display":"","ast-hfb-below-header-display":"","ast-hfb-mobile-header-display":"","site-post-title":"disabled","ast-breadcrumbs-content":"","ast-featured-img":"disabled","footer-sml-layout":"","ast-disable-related-posts":"","theme-transparent-header-meta":"","adv-header-id-meta":"","stick-header-meta":"","header-above-stick-meta":"","header-main-stick-meta":"","header-below-stick-meta":"","astra-migrate-meta-layouts":"default","ast-page-background-enabled":"default","ast-page-background-meta":{"desktop":{"background-color":"var(--ast-global-color-5)","background-image":"","background-repeat":"repeat","background-position":"center center","background-size":"auto","background-attachment":"scroll","background-type":"","background-media":"","overlay-type":"","overlay-color":"","overlay-opacity":"","overlay-gradient":""},"tablet":{"background-color":"","background-image":"","background-repeat":"repeat","background-position":"center center","background-size":"auto","background-attachment":"scroll","background-type":"","background-media":"","overlay-type":"","overlay-color":"","overlay-opacity":"","overlay-gradient":""},"mobile":{"background-color":"","background-image":"","background-repeat":"repeat","background-position":"center center","background-size":"auto","background-attachment":"scroll","background-type":"","background-media":"","overlay-type":"","overlay-color":"","overlay-opacity":"","overlay-gradient":""}},"ast-content-background-meta":{"desktop":{"background-color":"var(--ast-global-color-4)","background-image":"","background-repeat":"repeat","background-position":"center center","background-size":"auto","background-attachment":"scroll","background-type":"","background-media":"","overlay-type":"","overlay-color":"","overlay-opacity":"","overlay-gradient":""},"tablet":{"background-color":"var(--ast-global-color-4)","background-image":"","background-repeat":"repeat","background-position":"center center","background-size":"auto","background-attachment":"scroll","background-type":"","background-media":"","overlay-type":"","overlay-color":"","overlay-opacity":"","overlay-gradient":""},"mobile":{"background-color":"var(--ast-global-color-4)","background-image":"","background-repeat":"repeat","background-position":"center center","background-size":"auto","background-attachment":"scroll","background-type":"","background-media":"","overlay-type":"","overlay-color":"","overlay-opacity":"","overlay-gradient":""}},"_joinchat":[],"footnotes":""},"class_list":["post-739","page","type-page","status-publish","hentry"],"yoast_head":"<!-- This site is optimized with the Yoast SEO plugin v27.4 - https:\/\/yoast.com\/product\/yoast-seo-wordpress\/ -->\n<title>Mieten - PedaOl\u00e9<\/title>\n<meta name=\"description\" content=\"Zus\u00e4tzlich zu unseren Touren bieten wir bei Pedaol\u00e9 den besten Fahrrad- und E-Scooter-Verleihservice in Sevilla an. Egal, ob du die Stadt erkunden m\u00f6chtest...\" \/>\n<meta name=\"robots\" content=\"index, follow, max-snippet:-1, max-image-preview:large, max-video-preview:-1\" \/>\n<link rel=\"canonical\" href=\"https:\/\/pedaole.com\/de\/mieten\/\" \/>\n<meta property=\"og:locale\" content=\"de_DE\" \/>\n<meta property=\"og:type\" content=\"article\" \/>\n<meta property=\"og:title\" content=\"Mieten - PedaOl\u00e9\" \/>\n<meta property=\"og:description\" content=\"Zus\u00e4tzlich zu unseren Touren bieten wir bei Pedaol\u00e9 den besten Fahrrad- und E-Scooter-Verleihservice in Sevilla an. Egal, ob du die Stadt erkunden m\u00f6chtest...\" \/>\n<meta property=\"og:url\" content=\"https:\/\/pedaole.com\/de\/mieten\/\" \/>\n<meta property=\"og:site_name\" content=\"PedaOl\u00e9\" \/>\n<meta property=\"article:modified_time\" content=\"2026-05-07T08:41:21+00:00\" \/>\n<meta property=\"og:image\" content=\"https:\/\/pedaole.com\/wp-content\/uploads\/elementor\/thumbs\/e-scooter-rcm0b0xmn2d265wdvhm4gzrebt1tmgtvs125o4rt4o.webp\" \/>\n<meta name=\"twitter:card\" content=\"summary_large_image\" \/>\n<meta name=\"twitter:label1\" content=\"Gesch\u00e4tzte Lesezeit\" \/>\n\t<meta name=\"twitter:data1\" content=\"1\u00a0Minute\" \/>\n<script type=\"application\/ld+json\" class=\"yoast-schema-graph\">{\"@context\":\"https:\\\/\\\/schema.org\",\"@graph\":[{\"@type\":\"WebPage\",\"@id\":\"https:\\\/\\\/pedaole.com\\\/de\\\/mieten\\\/\",\"url\":\"https:\\\/\\\/pedaole.com\\\/de\\\/mieten\\\/\",\"name\":\"Mieten - PedaOl\u00e9\",\"isPartOf\":{\"@id\":\"https:\\\/\\\/pedaole.com\\\/de\\\/#website\"},\"primaryImageOfPage\":{\"@id\":\"https:\\\/\\\/pedaole.com\\\/de\\\/mieten\\\/#primaryimage\"},\"image\":{\"@id\":\"https:\\\/\\\/pedaole.com\\\/de\\\/mieten\\\/#primaryimage\"},\"thumbnailUrl\":\"https:\\\/\\\/pedaole.com\\\/wp-content\\\/uploads\\\/elementor\\\/thumbs\\\/e-scooter-rcm0b0xmn2d265wdvhm4gzrebt1tmgtvs125o4rt4o.webp\",\"datePublished\":\"2025-10-02T10:08:22+00:00\",\"dateModified\":\"2026-05-07T08:41:21+00:00\",\"description\":\"Zus\u00e4tzlich zu unseren Touren bieten wir bei Pedaol\u00e9 den besten Fahrrad- und E-Scooter-Verleihservice in Sevilla an. Egal, ob du die Stadt erkunden m\u00f6chtest...\",\"breadcrumb\":{\"@id\":\"https:\\\/\\\/pedaole.com\\\/de\\\/mieten\\\/#breadcrumb\"},\"inLanguage\":\"de\",\"potentialAction\":[{\"@type\":\"ReadAction\",\"target\":[\"https:\\\/\\\/pedaole.com\\\/de\\\/mieten\\\/\"]}]},{\"@type\":\"ImageObject\",\"inLanguage\":\"de\",\"@id\":\"https:\\\/\\\/pedaole.com\\\/de\\\/mieten\\\/#primaryimage\",\"url\":\"https:\\\/\\\/pedaole.com\\\/wp-content\\\/uploads\\\/elementor\\\/thumbs\\\/e-scooter-rcm0b0xmn2d265wdvhm4gzrebt1tmgtvs125o4rt4o.webp\",\"contentUrl\":\"https:\\\/\\\/pedaole.com\\\/wp-content\\\/uploads\\\/elementor\\\/thumbs\\\/e-scooter-rcm0b0xmn2d265wdvhm4gzrebt1tmgtvs125o4rt4o.webp\"},{\"@type\":\"BreadcrumbList\",\"@id\":\"https:\\\/\\\/pedaole.com\\\/de\\\/mieten\\\/#breadcrumb\",\"itemListElement\":[{\"@type\":\"ListItem\",\"position\":1,\"name\":\"Portada\",\"item\":\"https:\\\/\\\/pedaole.com\\\/de\\\/\"},{\"@type\":\"ListItem\",\"position\":2,\"name\":\"Mieten\"}]},{\"@type\":\"WebSite\",\"@id\":\"https:\\\/\\\/pedaole.com\\\/de\\\/#website\",\"url\":\"https:\\\/\\\/pedaole.com\\\/de\\\/\",\"name\":\"PedaOl\u00e9\",\"description\":\"Pedal &amp; Ol\u00e9! Explore Sevilla\",\"publisher\":{\"@id\":\"https:\\\/\\\/pedaole.com\\\/de\\\/#organization\"},\"potentialAction\":[{\"@type\":\"SearchAction\",\"target\":{\"@type\":\"EntryPoint\",\"urlTemplate\":\"https:\\\/\\\/pedaole.com\\\/de\\\/?s={search_term_string}\"},\"query-input\":{\"@type\":\"PropertyValueSpecification\",\"valueRequired\":true,\"valueName\":\"search_term_string\"}}],\"inLanguage\":\"de\"},{\"@type\":\"Organization\",\"@id\":\"https:\\\/\\\/pedaole.com\\\/de\\\/#organization\",\"name\":\"PedaOl\u00e9\",\"url\":\"https:\\\/\\\/pedaole.com\\\/de\\\/\",\"logo\":{\"@type\":\"ImageObject\",\"inLanguage\":\"de\",\"@id\":\"https:\\\/\\\/pedaole.com\\\/de\\\/#\\\/schema\\\/logo\\\/image\\\/\",\"url\":\"https:\\\/\\\/pedaole.com\\\/wp-content\\\/uploads\\\/2025\\\/09\\\/Pedaole_logo.png\",\"contentUrl\":\"https:\\\/\\\/pedaole.com\\\/wp-content\\\/uploads\\\/2025\\\/09\\\/Pedaole_logo.png\",\"width\":376,\"height\":126,\"caption\":\"PedaOl\u00e9\"},\"image\":{\"@id\":\"https:\\\/\\\/pedaole.com\\\/de\\\/#\\\/schema\\\/logo\\\/image\\\/\"}}]}<\/script>\n<!-- \/ Yoast SEO plugin. -->","yoast_head_json":{"title":"Mieten - PedaOl\u00e9","description":"Zus\u00e4tzlich zu unseren Touren bieten wir bei Pedaol\u00e9 den besten Fahrrad- und E-Scooter-Verleihservice in Sevilla an. Egal, ob du die Stadt erkunden m\u00f6chtest...","robots":{"index":"index","follow":"follow","max-snippet":"max-snippet:-1","max-image-preview":"max-image-preview:large","max-video-preview":"max-video-preview:-1"},"canonical":"https:\/\/pedaole.com\/de\/mieten\/","og_locale":"de_DE","og_type":"article","og_title":"Mieten - PedaOl\u00e9","og_description":"Zus\u00e4tzlich zu unseren Touren bieten wir bei Pedaol\u00e9 den besten Fahrrad- und E-Scooter-Verleihservice in Sevilla an. Egal, ob du die Stadt erkunden m\u00f6chtest...","og_url":"https:\/\/pedaole.com\/de\/mieten\/","og_site_name":"PedaOl\u00e9","article_modified_time":"2026-05-07T08:41:21+00:00","og_image":[{"url":"https:\/\/pedaole.com\/wp-content\/uploads\/elementor\/thumbs\/e-scooter-rcm0b0xmn2d265wdvhm4gzrebt1tmgtvs125o4rt4o.webp","type":"","width":"","height":""}],"twitter_card":"summary_large_image","twitter_misc":{"Gesch\u00e4tzte Lesezeit":"1\u00a0Minute"},"schema":{"@context":"https:\/\/schema.org","@graph":[{"@type":"WebPage","@id":"https:\/\/pedaole.com\/de\/mieten\/","url":"https:\/\/pedaole.com\/de\/mieten\/","name":"Mieten - PedaOl\u00e9","isPartOf":{"@id":"https:\/\/pedaole.com\/de\/#website"},"primaryImageOfPage":{"@id":"https:\/\/pedaole.com\/de\/mieten\/#primaryimage"},"image":{"@id":"https:\/\/pedaole.com\/de\/mieten\/#primaryimage"},"thumbnailUrl":"https:\/\/pedaole.com\/wp-content\/uploads\/elementor\/thumbs\/e-scooter-rcm0b0xmn2d265wdvhm4gzrebt1tmgtvs125o4rt4o.webp","datePublished":"2025-10-02T10:08:22+00:00","dateModified":"2026-05-07T08:41:21+00:00","description":"Zus\u00e4tzlich zu unseren Touren bieten wir bei Pedaol\u00e9 den besten Fahrrad- und E-Scooter-Verleihservice in Sevilla an. Egal, ob du die Stadt erkunden m\u00f6chtest...","breadcrumb":{"@id":"https:\/\/pedaole.com\/de\/mieten\/#breadcrumb"},"inLanguage":"de","potentialAction":[{"@type":"ReadAction","target":["https:\/\/pedaole.com\/de\/mieten\/"]}]},{"@type":"ImageObject","inLanguage":"de","@id":"https:\/\/pedaole.com\/de\/mieten\/#primaryimage","url":"https:\/\/pedaole.com\/wp-content\/uploads\/elementor\/thumbs\/e-scooter-rcm0b0xmn2d265wdvhm4gzrebt1tmgtvs125o4rt4o.webp","contentUrl":"https:\/\/pedaole.com\/wp-content\/uploads\/elementor\/thumbs\/e-scooter-rcm0b0xmn2d265wdvhm4gzrebt1tmgtvs125o4rt4o.webp"},{"@type":"BreadcrumbList","@id":"https:\/\/pedaole.com\/de\/mieten\/#breadcrumb","itemListElement":[{"@type":"ListItem","position":1,"name":"Portada","item":"https:\/\/pedaole.com\/de\/"},{"@type":"ListItem","position":2,"name":"Mieten"}]},{"@type":"WebSite","@id":"https:\/\/pedaole.com\/de\/#website","url":"https:\/\/pedaole.com\/de\/","name":"PedaOl\u00e9","description":"Pedal &amp; Ol\u00e9! Explore Sevilla","publisher":{"@id":"https:\/\/pedaole.com\/de\/#organization"},"potentialAction":[{"@type":"SearchAction","target":{"@type":"EntryPoint","urlTemplate":"https:\/\/pedaole.com\/de\/?s={search_term_string}"},"query-input":{"@type":"PropertyValueSpecification","valueRequired":true,"valueName":"search_term_string"}}],"inLanguage":"de"},{"@type":"Organization","@id":"https:\/\/pedaole.com\/de\/#organization","name":"PedaOl\u00e9","url":"https:\/\/pedaole.com\/de\/","logo":{"@type":"ImageObject","inLanguage":"de","@id":"https:\/\/pedaole.com\/de\/#\/schema\/logo\/image\/","url":"https:\/\/pedaole.com\/wp-content\/uploads\/2025\/09\/Pedaole_logo.png","contentUrl":"https:\/\/pedaole.com\/wp-content\/uploads\/2025\/09\/Pedaole_logo.png","width":376,"height":126,"caption":"PedaOl\u00e9"},"image":{"@id":"https:\/\/pedaole.com\/de\/#\/schema\/logo\/image\/"}}]}},"_links":{"self":[{"href":"https:\/\/pedaole.com\/de\/wp-json\/wp\/v2\/pages\/739","targetHints":{"allow":["GET"]}}],"collection":[{"href":"https:\/\/pedaole.com\/de\/wp-json\/wp\/v2\/pages"}],"about":[{"href":"https:\/\/pedaole.com\/de\/wp-json\/wp\/v2\/types\/page"}],"author":[{"embeddable":true,"href":"https:\/\/pedaole.com\/de\/wp-json\/wp\/v2\/users\/1"}],"replies":[{"embeddable":true,"href":"https:\/\/pedaole.com\/de\/wp-json\/wp\/v2\/comments?post=739"}],"version-history":[{"count":2,"href":"https:\/\/pedaole.com\/de\/wp-json\/wp\/v2\/pages\/739\/revisions"}],"predecessor-version":[{"id":1341,"href":"https:\/\/pedaole.com\/de\/wp-json\/wp\/v2\/pages\/739\/revisions\/1341"}],"wp:attachment":[{"href":"https:\/\/pedaole.com\/de\/wp-json\/wp\/v2\/media?parent=739"}],"curies":[{"name":"wp","href":"https:\/\/api.w.org\/{rel}","templated":true}]}}