{"id":805,"date":"2025-09-06T12:23:43","date_gmt":"2025-09-06T12:23:43","guid":{"rendered":"https:\/\/pedaole.com\/buchungsrichtlinien\/"},"modified":"2025-10-30T17:01:29","modified_gmt":"2025-10-30T17:01:29","slug":"buchungsrichtlinien","status":"publish","type":"page","link":"https:\/\/pedaole.com\/de\/buchungsrichtlinien\/","title":{"rendered":"Buchungsrichtlinien"},"content":{"rendered":"\n<h2 class=\"wp-block-heading has-medium-font-size\">Teilnahmebedingungen &amp; Haftungsausschluss<\/h2>\n\n<p>Mit der Best\u00e4tigung dieser Reservierung erkenne ich an, dass die Teilnahme an einer gef\u00fchrten Fahrradtour mit Pedaole Bike Tours k\u00f6rperliche Aktivit\u00e4t und damit verbundene Risiken birgt, einschlie\u00dflich, aber nicht beschr\u00e4nkt auf:<\/p>\n\n<p>\u2022\u2060 \u2060Exposition gegen\u00fcber Verkehr und Stra\u00dfenbedingungen<br\/>\u2022\u2060 \u2060Wetter\u00e4nderungen und Umweltfaktoren<br\/>\u2022\u2060 \u2060Unbeabsichtigte St\u00fcrze oder mechanische Probleme<\/p>\n\n<p>Ich erkl\u00e4re, dass ich k\u00f6rperlich fit bin, um teilzunehmen und alle Sicherheitsanweisungen des Guides befolgen werde. Ich \u00fcbernehme freiwillig alle Risiken und entbinde Pedaole Bike Tours, seine Mitarbeiter, Guides und Partner von jeglicher Haftung f\u00fcr Verletzungen, Verluste oder Sch\u00e4den, die w\u00e4hrend der Aktivit\u00e4t entstehen. <\/p>\n\n<p>Wenn ich im Namen anderer buche, best\u00e4tige ich, dass alle Teilnehmer diese Bedingungen akzeptieren. Im Falle von Minderj\u00e4hrigen best\u00e4tige ich, dass ich deren Erziehungsberechtigter bin und ihre Teilnahme genehmige. <\/p>\n\n<p>Ich verstehe, dass Pedaole Bike Tours sich das Recht auf Zulassung vorbeh\u00e4lt und dass diese Aktivit\u00e4t keine pers\u00f6nliche Unfallversicherung beinhaltet, es sei denn, dies ist ausdr\u00fccklich anders angegeben.<\/p>\n","protected":false},"excerpt":{"rendered":"<p>Teilnahmebedingungen &amp; Haftungsausschluss Mit der Best\u00e4tigung dieser Reservierung erkenne ich an, dass die Teilnahme an einer gef\u00fchrten Fahrradtour mit Pedaole [&hellip;]<\/p>\n","protected":false},"author":1,"featured_media":0,"parent":0,"menu_order":0,"comment_status":"closed","ping_status":"open","template":"","meta":{"site-sidebar-layout":"default","site-content-layout":"","ast-site-content-layout":"default","site-content-style":"default","site-sidebar-style":"default","ast-global-header-display":"","ast-banner-title-visibility":"","ast-main-header-display":"","ast-hfb-above-header-display":"","ast-hfb-below-header-display":"","ast-hfb-mobile-header-display":"","site-post-title":"","ast-breadcrumbs-content":"","ast-featured-img":"","footer-sml-layout":"","ast-disable-related-posts":"","theme-transparent-header-meta":"","adv-header-id-meta":"","stick-header-meta":"","header-above-stick-meta":"","header-main-stick-meta":"","header-below-stick-meta":"","astra-migrate-meta-layouts":"default","ast-page-background-enabled":"default","ast-page-background-meta":{"desktop":{"background-color":"var(--ast-global-color-5)","background-image":"","background-repeat":"repeat","background-position":"center center","background-size":"auto","background-attachment":"scroll","background-type":"","background-media":"","overlay-type":"","overlay-color":"","overlay-opacity":"","overlay-gradient":""},"tablet":{"background-color":"","background-image":"","background-repeat":"repeat","background-position":"center center","background-size":"auto","background-attachment":"scroll","background-type":"","background-media":"","overlay-type":"","overlay-color":"","overlay-opacity":"","overlay-gradient":""},"mobile":{"background-color":"","background-image":"","background-repeat":"repeat","background-position":"center center","background-size":"auto","background-attachment":"scroll","background-type":"","background-media":"","overlay-type":"","overlay-color":"","overlay-opacity":"","overlay-gradient":""}},"ast-content-background-meta":{"desktop":{"background-color":"var(--ast-global-color-4)","background-image":"","background-repeat":"repeat","background-position":"center center","background-size":"auto","background-attachment":"scroll","background-type":"","background-media":"","overlay-type":"","overlay-color":"","overlay-opacity":"","overlay-gradient":""},"tablet":{"background-color":"var(--ast-global-color-4)","background-image":"","background-repeat":"repeat","background-position":"center center","background-size":"auto","background-attachment":"scroll","background-type":"","background-media":"","overlay-type":"","overlay-color":"","overlay-opacity":"","overlay-gradient":""},"mobile":{"background-color":"var(--ast-global-color-4)","background-image":"","background-repeat":"repeat","background-position":"center center","background-size":"auto","background-attachment":"scroll","background-type":"","background-media":"","overlay-type":"","overlay-color":"","overlay-opacity":"","overlay-gradient":""}},"_joinchat":[],"footnotes":""},"class_list":["post-805","page","type-page","status-publish","hentry"],"yoast_head":"<!-- This site is optimized with the Yoast SEO plugin v27.4 - https:\/\/yoast.com\/product\/yoast-seo-wordpress\/ -->\n<title>Buchungsrichtlinien - PedaOl\u00e9<\/title>\n<meta name=\"robots\" content=\"noindex, nofollow\" \/>\n<meta property=\"og:locale\" content=\"de_DE\" \/>\n<meta property=\"og:type\" content=\"article\" \/>\n<meta property=\"og:title\" content=\"Buchungsrichtlinien - PedaOl\u00e9\" \/>\n<meta property=\"og:description\" content=\"Teilnahmebedingungen &amp; Haftungsausschluss Mit der Best\u00e4tigung dieser Reservierung erkenne ich an, dass die Teilnahme an einer gef\u00fchrten Fahrradtour mit Pedaole [&hellip;]\" \/>\n<meta property=\"og:url\" content=\"https:\/\/pedaole.com\/de\/buchungsrichtlinien\/\" \/>\n<meta property=\"og:site_name\" content=\"PedaOl\u00e9\" \/>\n<meta property=\"article:modified_time\" content=\"2025-10-30T17:01:29+00:00\" \/>\n<meta name=\"twitter:card\" content=\"summary_large_image\" \/>\n<meta name=\"twitter:label1\" content=\"Gesch\u00e4tzte Lesezeit\" \/>\n\t<meta name=\"twitter:data1\" content=\"1\u00a0Minute\" \/>\n<script type=\"application\/ld+json\" class=\"yoast-schema-graph\">{\"@context\":\"https:\\\/\\\/schema.org\",\"@graph\":[{\"@type\":\"WebPage\",\"@id\":\"https:\\\/\\\/pedaole.com\\\/de\\\/buchungsrichtlinien\\\/\",\"url\":\"https:\\\/\\\/pedaole.com\\\/de\\\/buchungsrichtlinien\\\/\",\"name\":\"Buchungsrichtlinien - PedaOl\u00e9\",\"isPartOf\":{\"@id\":\"https:\\\/\\\/pedaole.com\\\/de\\\/#website\"},\"datePublished\":\"2025-09-06T12:23:43+00:00\",\"dateModified\":\"2025-10-30T17:01:29+00:00\",\"breadcrumb\":{\"@id\":\"https:\\\/\\\/pedaole.com\\\/de\\\/buchungsrichtlinien\\\/#breadcrumb\"},\"inLanguage\":\"de\",\"potentialAction\":[{\"@type\":\"ReadAction\",\"target\":[\"https:\\\/\\\/pedaole.com\\\/de\\\/buchungsrichtlinien\\\/\"]}]},{\"@type\":\"BreadcrumbList\",\"@id\":\"https:\\\/\\\/pedaole.com\\\/de\\\/buchungsrichtlinien\\\/#breadcrumb\",\"itemListElement\":[{\"@type\":\"ListItem\",\"position\":1,\"name\":\"Portada\",\"item\":\"https:\\\/\\\/pedaole.com\\\/de\\\/\"},{\"@type\":\"ListItem\",\"position\":2,\"name\":\"Buchungsrichtlinien\"}]},{\"@type\":\"WebSite\",\"@id\":\"https:\\\/\\\/pedaole.com\\\/de\\\/#website\",\"url\":\"https:\\\/\\\/pedaole.com\\\/de\\\/\",\"name\":\"PedaOl\u00e9\",\"description\":\"Pedal &amp; Ol\u00e9! Explore Sevilla\",\"publisher\":{\"@id\":\"https:\\\/\\\/pedaole.com\\\/de\\\/#organization\"},\"potentialAction\":[{\"@type\":\"SearchAction\",\"target\":{\"@type\":\"EntryPoint\",\"urlTemplate\":\"https:\\\/\\\/pedaole.com\\\/de\\\/?s={search_term_string}\"},\"query-input\":{\"@type\":\"PropertyValueSpecification\",\"valueRequired\":true,\"valueName\":\"search_term_string\"}}],\"inLanguage\":\"de\"},{\"@type\":\"Organization\",\"@id\":\"https:\\\/\\\/pedaole.com\\\/de\\\/#organization\",\"name\":\"PedaOl\u00e9\",\"url\":\"https:\\\/\\\/pedaole.com\\\/de\\\/\",\"logo\":{\"@type\":\"ImageObject\",\"inLanguage\":\"de\",\"@id\":\"https:\\\/\\\/pedaole.com\\\/de\\\/#\\\/schema\\\/logo\\\/image\\\/\",\"url\":\"https:\\\/\\\/pedaole.com\\\/wp-content\\\/uploads\\\/2025\\\/09\\\/Pedaole_logo.png\",\"contentUrl\":\"https:\\\/\\\/pedaole.com\\\/wp-content\\\/uploads\\\/2025\\\/09\\\/Pedaole_logo.png\",\"width\":376,\"height\":126,\"caption\":\"PedaOl\u00e9\"},\"image\":{\"@id\":\"https:\\\/\\\/pedaole.com\\\/de\\\/#\\\/schema\\\/logo\\\/image\\\/\"}}]}<\/script>\n<!-- \/ Yoast SEO plugin. -->","yoast_head_json":{"title":"Buchungsrichtlinien - PedaOl\u00e9","robots":{"index":"noindex","follow":"nofollow"},"og_locale":"de_DE","og_type":"article","og_title":"Buchungsrichtlinien - PedaOl\u00e9","og_description":"Teilnahmebedingungen &amp; Haftungsausschluss Mit der Best\u00e4tigung dieser Reservierung erkenne ich an, dass die Teilnahme an einer gef\u00fchrten Fahrradtour mit Pedaole [&hellip;]","og_url":"https:\/\/pedaole.com\/de\/buchungsrichtlinien\/","og_site_name":"PedaOl\u00e9","article_modified_time":"2025-10-30T17:01:29+00:00","twitter_card":"summary_large_image","twitter_misc":{"Gesch\u00e4tzte Lesezeit":"1\u00a0Minute"},"schema":{"@context":"https:\/\/schema.org","@graph":[{"@type":"WebPage","@id":"https:\/\/pedaole.com\/de\/buchungsrichtlinien\/","url":"https:\/\/pedaole.com\/de\/buchungsrichtlinien\/","name":"Buchungsrichtlinien - PedaOl\u00e9","isPartOf":{"@id":"https:\/\/pedaole.com\/de\/#website"},"datePublished":"2025-09-06T12:23:43+00:00","dateModified":"2025-10-30T17:01:29+00:00","breadcrumb":{"@id":"https:\/\/pedaole.com\/de\/buchungsrichtlinien\/#breadcrumb"},"inLanguage":"de","potentialAction":[{"@type":"ReadAction","target":["https:\/\/pedaole.com\/de\/buchungsrichtlinien\/"]}]},{"@type":"BreadcrumbList","@id":"https:\/\/pedaole.com\/de\/buchungsrichtlinien\/#breadcrumb","itemListElement":[{"@type":"ListItem","position":1,"name":"Portada","item":"https:\/\/pedaole.com\/de\/"},{"@type":"ListItem","position":2,"name":"Buchungsrichtlinien"}]},{"@type":"WebSite","@id":"https:\/\/pedaole.com\/de\/#website","url":"https:\/\/pedaole.com\/de\/","name":"PedaOl\u00e9","description":"Pedal &amp; Ol\u00e9! Explore Sevilla","publisher":{"@id":"https:\/\/pedaole.com\/de\/#organization"},"potentialAction":[{"@type":"SearchAction","target":{"@type":"EntryPoint","urlTemplate":"https:\/\/pedaole.com\/de\/?s={search_term_string}"},"query-input":{"@type":"PropertyValueSpecification","valueRequired":true,"valueName":"search_term_string"}}],"inLanguage":"de"},{"@type":"Organization","@id":"https:\/\/pedaole.com\/de\/#organization","name":"PedaOl\u00e9","url":"https:\/\/pedaole.com\/de\/","logo":{"@type":"ImageObject","inLanguage":"de","@id":"https:\/\/pedaole.com\/de\/#\/schema\/logo\/image\/","url":"https:\/\/pedaole.com\/wp-content\/uploads\/2025\/09\/Pedaole_logo.png","contentUrl":"https:\/\/pedaole.com\/wp-content\/uploads\/2025\/09\/Pedaole_logo.png","width":376,"height":126,"caption":"PedaOl\u00e9"},"image":{"@id":"https:\/\/pedaole.com\/de\/#\/schema\/logo\/image\/"}}]}},"_links":{"self":[{"href":"https:\/\/pedaole.com\/de\/wp-json\/wp\/v2\/pages\/805","targetHints":{"allow":["GET"]}}],"collection":[{"href":"https:\/\/pedaole.com\/de\/wp-json\/wp\/v2\/pages"}],"about":[{"href":"https:\/\/pedaole.com\/de\/wp-json\/wp\/v2\/types\/page"}],"author":[{"embeddable":true,"href":"https:\/\/pedaole.com\/de\/wp-json\/wp\/v2\/users\/1"}],"replies":[{"embeddable":true,"href":"https:\/\/pedaole.com\/de\/wp-json\/wp\/v2\/comments?post=805"}],"version-history":[{"count":1,"href":"https:\/\/pedaole.com\/de\/wp-json\/wp\/v2\/pages\/805\/revisions"}],"predecessor-version":[{"id":807,"href":"https:\/\/pedaole.com\/de\/wp-json\/wp\/v2\/pages\/805\/revisions\/807"}],"wp:attachment":[{"href":"https:\/\/pedaole.com\/de\/wp-json\/wp\/v2\/media?parent=805"}],"curies":[{"name":"wp","href":"https:\/\/api.w.org\/{rel}","templated":true}]}}