{"id":723,"date":"2025-10-02T10:08:22","date_gmt":"2025-10-02T10:08:22","guid":{"rendered":"https:\/\/pedaole.com\/alquilar\/"},"modified":"2026-05-07T08:41:21","modified_gmt":"2026-05-07T08:41:21","slug":"alquilar","status":"publish","type":"page","link":"https:\/\/pedaole.com\/es\/alquilar\/","title":{"rendered":"Alquilar"},"content":{"rendered":"\t\t<div data-elementor-type=\"wp-page\" data-elementor-id=\"723\" class=\"elementor elementor-723\">\n\t\t\t\t<div class=\"elementor-element elementor-element-170b81c1 e-flex e-con-boxed e-con e-parent\" data-id=\"170b81c1\" data-element_type=\"container\" data-e-type=\"container\">\n\t\t\t\t\t<div class=\"e-con-inner\">\n\t\t\t\t<div class=\"elementor-element elementor-element-18c6bb8a elementor-widget elementor-widget-heading\" data-id=\"18c6bb8a\" data-element_type=\"widget\" data-e-type=\"widget\" data-widget_type=\"heading.default\">\n\t\t\t\t\t<span class=\"elementor-heading-title elementor-size-default\">Explora Sevilla a tu propio ritmo con Pedaol\u00e9\n<\/span>\t\t\t\t<\/div>\n\t\t\t\t<div class=\"elementor-element elementor-element-127f6835 elementor-widget-divider--view-line elementor-widget elementor-widget-divider\" data-id=\"127f6835\" data-element_type=\"widget\" data-e-type=\"widget\" data-widget_type=\"divider.default\">\n\t\t\t\t\t\t\t<div class=\"elementor-divider\">\n\t\t\t<span class=\"elementor-divider-separator\">\n\t\t\t\t\t\t<\/span>\n\t\t<\/div>\n\t\t\t\t\t\t<\/div>\n\t\t\t\t<div class=\"elementor-element elementor-element-b3192af elementor-widget elementor-widget-heading\" data-id=\"b3192af\" data-element_type=\"widget\" data-e-type=\"widget\" data-widget_type=\"heading.default\">\n\t\t\t\t\t<span class=\"elementor-heading-title elementor-size-default\">Adem\u00e1s de nuestros tours, en Pedaol\u00e9 te ofrecemos el mejor servicio de alquiler de bicicletas y patinetes el\u00e9ctricos de Sevilla. Tanto si quieres explorar la ciudad, disfrutar del turismo sostenible o desplazarte a diario, tenemos la opci\u00f3n perfecta para ti: desde bicicletas cl\u00e1sicas hasta bicicletas el\u00e9ctricas y patinetes el\u00e9ctricos.<br><br>Elige tu veh\u00edculo, reserva f\u00e1cilmente y disfruta de Sevilla con total libertad.\n<\/span>\t\t\t\t<\/div>\n\t\t\t\t\t<\/div>\n\t\t\t\t<\/div>\n\t\t<div class=\"elementor-element elementor-element-3bfeb97 e-flex e-con-boxed e-con e-parent\" data-id=\"3bfeb97\" data-element_type=\"container\" data-e-type=\"container\">\n\t\t\t\t\t<div class=\"e-con-inner\">\n\t\t<div class=\"elementor-element elementor-element-bf3318d e-con-full e-flex e-con e-child\" data-id=\"bf3318d\" data-element_type=\"container\" data-e-type=\"container\">\n\t\t<div class=\"elementor-element elementor-element-c1e831c e-grid e-con-full e-con e-child\" data-id=\"c1e831c\" data-element_type=\"container\" data-e-type=\"container\">\n\t\t\t\t<div class=\"elementor-element elementor-element-79a08c4 elementor-widget elementor-widget-image\" data-id=\"79a08c4\" data-element_type=\"widget\" data-e-type=\"widget\" data-widget_type=\"image.default\">\n\t\t\t\t\t\t\t\t\t\t\t\t\t\t\t<img decoding=\"async\" src=\"https:\/\/pedaole.com\/wp-content\/uploads\/elementor\/thumbs\/e-scooter-rcm0b0xmn2d265wdvhm4gzrebt1tmgtvs125o4rt4o.webp\" title=\"patinete el\u00e9ctrico\" alt=\"patinete el\u00e9ctrico\" loading=\"lazy\" \/>\t\t\t\t\t\t\t\t\t\t\t\t\t\t\t<\/div>\n\t\t<div class=\"elementor-element elementor-element-eadbb95 e-con-full e-flex e-con e-child\" data-id=\"eadbb95\" data-element_type=\"container\" data-e-type=\"container\">\n\t\t\t\t<div class=\"elementor-element elementor-element-2c59defd elementor-widget elementor-widget-heading\" data-id=\"2c59defd\" data-element_type=\"widget\" data-e-type=\"widget\" data-widget_type=\"heading.default\">\n\t\t\t\t\t<span class=\"elementor-heading-title elementor-size-default\">Patinete el\u00e9ctrico<\/span>\t\t\t\t<\/div>\n\t\t\t\t<div class=\"elementor-element elementor-element-727363b elementor-widget elementor-widget-heading\" data-id=\"727363b\" data-element_type=\"widget\" data-e-type=\"widget\" data-widget_type=\"heading.default\">\n\t\t\t\t\t<span class=\"elementor-heading-title elementor-size-default\">Desde 40 \u20ac\/d\u00eda<\/span>\t\t\t\t<\/div>\n\t\t\t\t<div class=\"elementor-element elementor-element-f4c0eef elementor-widget elementor-widget-heading\" data-id=\"f4c0eef\" data-element_type=\"widget\" data-e-type=\"widget\" data-widget_type=\"heading.default\">\n\t\t\t\t\t<span class=\"elementor-heading-title elementor-size-default\">Explora Sevilla sin esfuerzo alquilando nuestros patinetes el\u00e9ctricos. Una alternativa r\u00e1pida, ecol\u00f3gica y divertida para desplazarse por la ciudad. Perfecto para recorridos urbanos, una forma diferente de hacer turismo o incluso para los desplazamientos diarios.\n<\/span>\t\t\t\t<\/div>\n\t\t\t\t<div class=\"elementor-element elementor-element-9415d52 elementor-align-left elementor-widget elementor-widget-button\" data-id=\"9415d52\" data-element_type=\"widget\" data-e-type=\"widget\" data-widget_type=\"button.default\">\n\t\t\t\t\t\t\t\t\t\t<a class=\"elementor-button elementor-button-link elementor-size-sm\" href=\"https:\/\/wa.me\/34674971577?text=\">\n\t\t\t\t\t\t<span class=\"elementor-button-content-wrapper\">\n\t\t\t\t\t\t\t\t\t<span class=\"elementor-button-text\">Reservar patinete el\u00e9ctrico<\/span>\n\t\t\t\t\t<\/span>\n\t\t\t\t\t<\/a>\n\t\t\t\t\t\t\t\t<\/div>\n\t\t\t\t<\/div>\n\t\t\t\t<\/div>\n\t\t\t\t<\/div>\n\t\t\t\t\t<\/div>\n\t\t\t\t<\/div>\n\t\t<div class=\"elementor-element elementor-element-2b3fc89 e-flex e-con-boxed e-con e-parent\" data-id=\"2b3fc89\" data-element_type=\"container\" data-e-type=\"container\">\n\t\t\t\t\t<div class=\"e-con-inner\">\n\t\t<div class=\"elementor-element elementor-element-916574f e-con-full e-flex e-con e-child\" data-id=\"916574f\" data-element_type=\"container\" data-e-type=\"container\">\n\t\t<div class=\"elementor-element elementor-element-c1f080f e-grid e-con-full e-con e-child\" data-id=\"c1f080f\" data-element_type=\"container\" data-e-type=\"container\">\n\t\t\t\t<div class=\"elementor-element elementor-element-d953791 elementor-widget elementor-widget-image\" data-id=\"d953791\" data-element_type=\"widget\" data-e-type=\"widget\" data-widget_type=\"image.default\">\n\t\t\t\t\t\t\t\t\t\t\t\t\t\t\t<img decoding=\"async\" src=\"https:\/\/pedaole.com\/wp-content\/uploads\/elementor\/thumbs\/e-bike-e1759820651910-rcugknm8xx21eb52d97zvvsbc002obzd3gqdvrprug.webp\" title=\"bicicleta el\u00e9ctrica\" alt=\"bicicleta el\u00e9ctrica\" loading=\"lazy\" \/>\t\t\t\t\t\t\t\t\t\t\t\t\t\t\t<\/div>\n\t\t<div class=\"elementor-element elementor-element-5a297e8 e-con-full e-flex e-con e-child\" data-id=\"5a297e8\" data-element_type=\"container\" data-e-type=\"container\">\n\t\t\t\t<div class=\"elementor-element elementor-element-e04e48c elementor-widget elementor-widget-heading\" data-id=\"e04e48c\" data-element_type=\"widget\" data-e-type=\"widget\" data-widget_type=\"heading.default\">\n\t\t\t\t\t<span class=\"elementor-heading-title elementor-size-default\">Bicicleta el\u00e9ctrica<\/span>\t\t\t\t<\/div>\n\t\t\t\t<div class=\"elementor-element elementor-element-82ff8ba elementor-widget elementor-widget-heading\" data-id=\"82ff8ba\" data-element_type=\"widget\" data-e-type=\"widget\" data-widget_type=\"heading.default\">\n\t\t\t\t\t<span class=\"elementor-heading-title elementor-size-default\">Desde 30 \u20ac\/d\u00eda<\/span>\t\t\t\t<\/div>\n\t\t\t\t<div class=\"elementor-element elementor-element-37ee240 elementor-widget elementor-widget-heading\" data-id=\"37ee240\" data-element_type=\"widget\" data-e-type=\"widget\" data-widget_type=\"heading.default\">\n\t\t\t\t\t<span class=\"elementor-heading-title elementor-size-default\">Las bicicletas el\u00e9ctricas de Pedaol\u00e9 son ideales para rutas largas o visitas tur\u00edsticas sin cansarte. Gracias a su autonom\u00eda extendida y su dise\u00f1o moderno, podr\u00e1s disfrutar de Sevilla con total comodidad y libertad.\n<\/span>\t\t\t\t<\/div>\n\t\t\t\t<div class=\"elementor-element elementor-element-f712108 elementor-align-left elementor-widget elementor-widget-button\" data-id=\"f712108\" data-element_type=\"widget\" data-e-type=\"widget\" data-widget_type=\"button.default\">\n\t\t\t\t\t\t\t\t\t\t<a class=\"elementor-button elementor-button-link elementor-size-sm\" href=\"https:\/\/wa.me\/34674971577?text=\">\n\t\t\t\t\t\t<span class=\"elementor-button-content-wrapper\">\n\t\t\t\t\t\t\t\t\t<span class=\"elementor-button-text\">Reservar bicicleta el\u00e9ctrica<\/span>\n\t\t\t\t\t<\/span>\n\t\t\t\t\t<\/a>\n\t\t\t\t\t\t\t\t<\/div>\n\t\t\t\t<\/div>\n\t\t\t\t<\/div>\n\t\t\t\t<\/div>\n\t\t\t\t\t<\/div>\n\t\t\t\t<\/div>\n\t\t<div class=\"elementor-element elementor-element-facfc95 e-flex e-con-boxed e-con e-parent\" data-id=\"facfc95\" data-element_type=\"container\" data-e-type=\"container\">\n\t\t\t\t\t<div class=\"e-con-inner\">\n\t\t<div class=\"elementor-element elementor-element-c98b9b3 e-con-full e-flex e-con e-child\" data-id=\"c98b9b3\" data-element_type=\"container\" data-e-type=\"container\">\n\t\t<div class=\"elementor-element elementor-element-84868b6 e-grid e-con-full e-con e-child\" data-id=\"84868b6\" data-element_type=\"container\" data-e-type=\"container\">\n\t\t\t\t<div class=\"elementor-element elementor-element-20d456d elementor-widget elementor-widget-image\" data-id=\"20d456d\" data-element_type=\"widget\" data-e-type=\"widget\" data-widget_type=\"image.default\">\n\t\t\t\t\t\t\t\t\t\t\t\t\t\t\t<img decoding=\"async\" src=\"https:\/\/pedaole.com\/wp-content\/uploads\/elementor\/thumbs\/dutch-bike-e1759820799187-rcugoiqd1ech4lizsxcs4woj90yebjbmyla8wpzi9k.webp\" title=\"bicicleta-holandesa\" alt=\"bicicleta-holandesa\" loading=\"lazy\" \/>\t\t\t\t\t\t\t\t\t\t\t\t\t\t\t<\/div>\n\t\t<div class=\"elementor-element elementor-element-f14c00a e-con-full e-flex e-con e-child\" data-id=\"f14c00a\" data-element_type=\"container\" data-e-type=\"container\">\n\t\t\t\t<div class=\"elementor-element elementor-element-294671f elementor-widget elementor-widget-heading\" data-id=\"294671f\" data-element_type=\"widget\" data-e-type=\"widget\" data-widget_type=\"heading.default\">\n\t\t\t\t\t<span class=\"elementor-heading-title elementor-size-default\">Bicicleta holandesa<\/span>\t\t\t\t<\/div>\n\t\t\t\t<div class=\"elementor-element elementor-element-d12b861 elementor-widget elementor-widget-heading\" data-id=\"d12b861\" data-element_type=\"widget\" data-e-type=\"widget\" data-widget_type=\"heading.default\">\n\t\t\t\t\t<span class=\"elementor-heading-title elementor-size-default\">Desde 12 \u20ac\/d\u00eda<\/span>\t\t\t\t<\/div>\n\t\t\t\t<div class=\"elementor-element elementor-element-5c97974 elementor-widget elementor-widget-heading\" data-id=\"5c97974\" data-element_type=\"widget\" data-e-type=\"widget\" data-widget_type=\"heading.default\">\n\t\t\t\t\t<span class=\"elementor-heading-title elementor-size-default\">La forma m\u00e1s econ\u00f3mica, saludable y divertida de moverse por Sevilla. Perfectas para todas las edades y niveles, nuestras bicicletas holandesas son c\u00f3modas y seguras, ideales para aquellos que quieren disfrutar de la ciudad a su propio ritmo.<\/span>\t\t\t\t<\/div>\n\t\t\t\t<div class=\"elementor-element elementor-element-9057463 elementor-align-left elementor-widget elementor-widget-button\" data-id=\"9057463\" data-element_type=\"widget\" data-e-type=\"widget\" data-widget_type=\"button.default\">\n\t\t\t\t\t\t\t\t\t\t<a class=\"elementor-button elementor-button-link elementor-size-sm\" href=\"https:\/\/wa.me\/34674971577?text=\">\n\t\t\t\t\t\t<span class=\"elementor-button-content-wrapper\">\n\t\t\t\t\t\t\t\t\t<span class=\"elementor-button-text\">Reservar bicicleta holandesa<\/span>\n\t\t\t\t\t<\/span>\n\t\t\t\t\t<\/a>\n\t\t\t\t\t\t\t\t<\/div>\n\t\t\t\t<\/div>\n\t\t\t\t<\/div>\n\t\t\t\t<\/div>\n\t\t\t\t\t<\/div>\n\t\t\t\t<\/div>\n\t\t<div class=\"elementor-element elementor-element-a446764 e-flex e-con-boxed e-con e-parent\" data-id=\"a446764\" data-element_type=\"container\" data-e-type=\"container\">\n\t\t\t\t\t<div class=\"e-con-inner\">\n\t\t\t\t<div class=\"elementor-element elementor-element-30d95994 elementor-widget elementor-widget-heading\" data-id=\"30d95994\" data-element_type=\"widget\" data-e-type=\"widget\" data-widget_type=\"heading.default\">\n\t\t\t\t\t<span class=\"elementor-heading-title elementor-size-default\">\u00bfBuscas algo m\u00e1s que una simple bicicleta?<\/span>\t\t\t\t<\/div>\n\t\t\t\t<div class=\"elementor-element elementor-element-50c8b77c elementor-widget elementor-widget-heading\" data-id=\"50c8b77c\" data-element_type=\"widget\" data-e-type=\"widget\" data-widget_type=\"heading.default\">\n\t\t\t\t\t<span class=\"elementor-heading-title elementor-size-default\">\u00a1Descubre Sevilla con un gu\u00eda local! Nuestros tours en bicicleta te llevan m\u00e1s all\u00e1 del paseo: explorando lugares emblem\u00e1ticos, rincones escondidos e historias aut\u00e9nticas que dan vida a la ciudad.<\/span>\t\t\t\t<\/div>\n\t\t\t\t<div class=\"elementor-element elementor-element-78178f1d elementor-align-center elementor-widget elementor-widget-button\" data-id=\"78178f1d\" data-element_type=\"widget\" data-e-type=\"widget\" data-widget_type=\"button.default\">\n\t\t\t\t\t\t\t\t\t\t<a class=\"elementor-button elementor-button-link elementor-size-sm\" href=\"https:\/\/pedaole.com\/es\/calendario-de-reservas\/\">\n\t\t\t\t\t\t<span class=\"elementor-button-content-wrapper\">\n\t\t\t\t\t\t\t\t\t<span class=\"elementor-button-text\">\ud83d\udc49 Reserva un tour con un gu\u00eda<\/span>\n\t\t\t\t\t<\/span>\n\t\t\t\t\t<\/a>\n\t\t\t\t\t\t\t\t<\/div>\n\t\t\t\t\t<\/div>\n\t\t\t\t<\/div>\n\t\t\t\t<\/div>\n\t\t","protected":false},"excerpt":{"rendered":"<p>Explora Sevilla a tu propio ritmo con Pedaol\u00e9 Adem\u00e1s de nuestros tours, en Pedaol\u00e9 te ofrecemos el mejor servicio de [&hellip;]<\/p>\n","protected":false},"author":1,"featured_media":0,"parent":0,"menu_order":0,"comment_status":"closed","ping_status":"closed","template":"","meta":{"site-sidebar-layout":"no-sidebar","site-content-layout":"","ast-site-content-layout":"full-width-container","site-content-style":"default","site-sidebar-style":"default","ast-global-header-display":"","ast-banner-title-visibility":"","ast-main-header-display":"","ast-hfb-above-header-display":"","ast-hfb-below-header-display":"","ast-hfb-mobile-header-display":"","site-post-title":"disabled","ast-breadcrumbs-content":"","ast-featured-img":"disabled","footer-sml-layout":"","ast-disable-related-posts":"","theme-transparent-header-meta":"","adv-header-id-meta":"","stick-header-meta":"","header-above-stick-meta":"","header-main-stick-meta":"","header-below-stick-meta":"","astra-migrate-meta-layouts":"default","ast-page-background-enabled":"default","ast-page-background-meta":{"desktop":{"background-color":"var(--ast-global-color-5)","background-image":"","background-repeat":"repeat","background-position":"center center","background-size":"auto","background-attachment":"scroll","background-type":"","background-media":"","overlay-type":"","overlay-color":"","overlay-opacity":"","overlay-gradient":""},"tablet":{"background-color":"","background-image":"","background-repeat":"repeat","background-position":"center center","background-size":"auto","background-attachment":"scroll","background-type":"","background-media":"","overlay-type":"","overlay-color":"","overlay-opacity":"","overlay-gradient":""},"mobile":{"background-color":"","background-image":"","background-repeat":"repeat","background-position":"center center","background-size":"auto","background-attachment":"scroll","background-type":"","background-media":"","overlay-type":"","overlay-color":"","overlay-opacity":"","overlay-gradient":""}},"ast-content-background-meta":{"desktop":{"background-color":"var(--ast-global-color-4)","background-image":"","background-repeat":"repeat","background-position":"center center","background-size":"auto","background-attachment":"scroll","background-type":"","background-media":"","overlay-type":"","overlay-color":"","overlay-opacity":"","overlay-gradient":""},"tablet":{"background-color":"var(--ast-global-color-4)","background-image":"","background-repeat":"repeat","background-position":"center center","background-size":"auto","background-attachment":"scroll","background-type":"","background-media":"","overlay-type":"","overlay-color":"","overlay-opacity":"","overlay-gradient":""},"mobile":{"background-color":"var(--ast-global-color-4)","background-image":"","background-repeat":"repeat","background-position":"center center","background-size":"auto","background-attachment":"scroll","background-type":"","background-media":"","overlay-type":"","overlay-color":"","overlay-opacity":"","overlay-gradient":""}},"_joinchat":[],"footnotes":""},"class_list":["post-723","page","type-page","status-publish","hentry"],"yoast_head":"<!-- This site is optimized with the Yoast SEO plugin v27.4 - https:\/\/yoast.com\/product\/yoast-seo-wordpress\/ -->\n<title>Alquilar - PedaOl\u00e9<\/title>\n<meta name=\"description\" content=\"Adem\u00e1s de nuestros tours, en Pedaol\u00e9 te ofrecemos el mejor servicio de alquiler de bicicletas y patinetes el\u00e9ctricos de Sevilla. Tanto si quieres explorar la ciudad...\" \/>\n<meta name=\"robots\" content=\"index, follow, max-snippet:-1, max-image-preview:large, max-video-preview:-1\" \/>\n<link rel=\"canonical\" href=\"https:\/\/pedaole.com\/es\/alquilar\/\" \/>\n<meta property=\"og:locale\" content=\"es_ES\" \/>\n<meta property=\"og:type\" content=\"article\" \/>\n<meta property=\"og:title\" content=\"Alquilar - PedaOl\u00e9\" \/>\n<meta property=\"og:description\" content=\"Adem\u00e1s de nuestros tours, en Pedaol\u00e9 te ofrecemos el mejor servicio de alquiler de bicicletas y patinetes el\u00e9ctricos de Sevilla. Tanto si quieres explorar la ciudad...\" \/>\n<meta property=\"og:url\" content=\"https:\/\/pedaole.com\/es\/alquilar\/\" \/>\n<meta property=\"og:site_name\" content=\"PedaOl\u00e9\" \/>\n<meta property=\"article:modified_time\" content=\"2026-05-07T08:41:21+00:00\" \/>\n<meta property=\"og:image\" content=\"https:\/\/pedaole.com\/wp-content\/uploads\/elementor\/thumbs\/e-scooter-rcm0b0xmn2d265wdvhm4gzrebt1tmgtvs125o4rt4o.webp\" \/>\n<meta name=\"twitter:card\" content=\"summary_large_image\" \/>\n<meta name=\"twitter:label1\" content=\"Tiempo de lectura\" \/>\n\t<meta name=\"twitter:data1\" content=\"1 minuto\" \/>\n<script type=\"application\/ld+json\" class=\"yoast-schema-graph\">{\"@context\":\"https:\\\/\\\/schema.org\",\"@graph\":[{\"@type\":\"WebPage\",\"@id\":\"https:\\\/\\\/pedaole.com\\\/es\\\/alquilar\\\/\",\"url\":\"https:\\\/\\\/pedaole.com\\\/es\\\/alquilar\\\/\",\"name\":\"Alquilar - PedaOl\u00e9\",\"isPartOf\":{\"@id\":\"https:\\\/\\\/pedaole.com\\\/es\\\/#website\"},\"primaryImageOfPage\":{\"@id\":\"https:\\\/\\\/pedaole.com\\\/es\\\/alquilar\\\/#primaryimage\"},\"image\":{\"@id\":\"https:\\\/\\\/pedaole.com\\\/es\\\/alquilar\\\/#primaryimage\"},\"thumbnailUrl\":\"https:\\\/\\\/pedaole.com\\\/wp-content\\\/uploads\\\/elementor\\\/thumbs\\\/e-scooter-rcm0b0xmn2d265wdvhm4gzrebt1tmgtvs125o4rt4o.webp\",\"datePublished\":\"2025-10-02T10:08:22+00:00\",\"dateModified\":\"2026-05-07T08:41:21+00:00\",\"description\":\"Adem\u00e1s de nuestros tours, en Pedaol\u00e9 te ofrecemos el mejor servicio de alquiler de bicicletas y patinetes el\u00e9ctricos de Sevilla. Tanto si quieres explorar la ciudad...\",\"breadcrumb\":{\"@id\":\"https:\\\/\\\/pedaole.com\\\/es\\\/alquilar\\\/#breadcrumb\"},\"inLanguage\":\"es\",\"potentialAction\":[{\"@type\":\"ReadAction\",\"target\":[\"https:\\\/\\\/pedaole.com\\\/es\\\/alquilar\\\/\"]}]},{\"@type\":\"ImageObject\",\"inLanguage\":\"es\",\"@id\":\"https:\\\/\\\/pedaole.com\\\/es\\\/alquilar\\\/#primaryimage\",\"url\":\"https:\\\/\\\/pedaole.com\\\/wp-content\\\/uploads\\\/elementor\\\/thumbs\\\/e-scooter-rcm0b0xmn2d265wdvhm4gzrebt1tmgtvs125o4rt4o.webp\",\"contentUrl\":\"https:\\\/\\\/pedaole.com\\\/wp-content\\\/uploads\\\/elementor\\\/thumbs\\\/e-scooter-rcm0b0xmn2d265wdvhm4gzrebt1tmgtvs125o4rt4o.webp\"},{\"@type\":\"BreadcrumbList\",\"@id\":\"https:\\\/\\\/pedaole.com\\\/es\\\/alquilar\\\/#breadcrumb\",\"itemListElement\":[{\"@type\":\"ListItem\",\"position\":1,\"name\":\"Portada\",\"item\":\"https:\\\/\\\/pedaole.com\\\/es\\\/\"},{\"@type\":\"ListItem\",\"position\":2,\"name\":\"Alquilar\"}]},{\"@type\":\"WebSite\",\"@id\":\"https:\\\/\\\/pedaole.com\\\/es\\\/#website\",\"url\":\"https:\\\/\\\/pedaole.com\\\/es\\\/\",\"name\":\"PedaOl\u00e9\",\"description\":\"Pedal &amp; Ol\u00e9! Explore Sevilla\",\"publisher\":{\"@id\":\"https:\\\/\\\/pedaole.com\\\/es\\\/#organization\"},\"potentialAction\":[{\"@type\":\"SearchAction\",\"target\":{\"@type\":\"EntryPoint\",\"urlTemplate\":\"https:\\\/\\\/pedaole.com\\\/es\\\/?s={search_term_string}\"},\"query-input\":{\"@type\":\"PropertyValueSpecification\",\"valueRequired\":true,\"valueName\":\"search_term_string\"}}],\"inLanguage\":\"es\"},{\"@type\":\"Organization\",\"@id\":\"https:\\\/\\\/pedaole.com\\\/es\\\/#organization\",\"name\":\"PedaOl\u00e9\",\"url\":\"https:\\\/\\\/pedaole.com\\\/es\\\/\",\"logo\":{\"@type\":\"ImageObject\",\"inLanguage\":\"es\",\"@id\":\"https:\\\/\\\/pedaole.com\\\/es\\\/#\\\/schema\\\/logo\\\/image\\\/\",\"url\":\"https:\\\/\\\/pedaole.com\\\/wp-content\\\/uploads\\\/2025\\\/09\\\/Pedaole_logo.png\",\"contentUrl\":\"https:\\\/\\\/pedaole.com\\\/wp-content\\\/uploads\\\/2025\\\/09\\\/Pedaole_logo.png\",\"width\":376,\"height\":126,\"caption\":\"PedaOl\u00e9\"},\"image\":{\"@id\":\"https:\\\/\\\/pedaole.com\\\/es\\\/#\\\/schema\\\/logo\\\/image\\\/\"}}]}<\/script>\n<!-- \/ Yoast SEO plugin. -->","yoast_head_json":{"title":"Alquilar - PedaOl\u00e9","description":"Adem\u00e1s de nuestros tours, en Pedaol\u00e9 te ofrecemos el mejor servicio de alquiler de bicicletas y patinetes el\u00e9ctricos de Sevilla. Tanto si quieres explorar la ciudad...","robots":{"index":"index","follow":"follow","max-snippet":"max-snippet:-1","max-image-preview":"max-image-preview:large","max-video-preview":"max-video-preview:-1"},"canonical":"https:\/\/pedaole.com\/es\/alquilar\/","og_locale":"es_ES","og_type":"article","og_title":"Alquilar - PedaOl\u00e9","og_description":"Adem\u00e1s de nuestros tours, en Pedaol\u00e9 te ofrecemos el mejor servicio de alquiler de bicicletas y patinetes el\u00e9ctricos de Sevilla. Tanto si quieres explorar la ciudad...","og_url":"https:\/\/pedaole.com\/es\/alquilar\/","og_site_name":"PedaOl\u00e9","article_modified_time":"2026-05-07T08:41:21+00:00","og_image":[{"url":"https:\/\/pedaole.com\/wp-content\/uploads\/elementor\/thumbs\/e-scooter-rcm0b0xmn2d265wdvhm4gzrebt1tmgtvs125o4rt4o.webp","type":"","width":"","height":""}],"twitter_card":"summary_large_image","twitter_misc":{"Tiempo de lectura":"1 minuto"},"schema":{"@context":"https:\/\/schema.org","@graph":[{"@type":"WebPage","@id":"https:\/\/pedaole.com\/es\/alquilar\/","url":"https:\/\/pedaole.com\/es\/alquilar\/","name":"Alquilar - PedaOl\u00e9","isPartOf":{"@id":"https:\/\/pedaole.com\/es\/#website"},"primaryImageOfPage":{"@id":"https:\/\/pedaole.com\/es\/alquilar\/#primaryimage"},"image":{"@id":"https:\/\/pedaole.com\/es\/alquilar\/#primaryimage"},"thumbnailUrl":"https:\/\/pedaole.com\/wp-content\/uploads\/elementor\/thumbs\/e-scooter-rcm0b0xmn2d265wdvhm4gzrebt1tmgtvs125o4rt4o.webp","datePublished":"2025-10-02T10:08:22+00:00","dateModified":"2026-05-07T08:41:21+00:00","description":"Adem\u00e1s de nuestros tours, en Pedaol\u00e9 te ofrecemos el mejor servicio de alquiler de bicicletas y patinetes el\u00e9ctricos de Sevilla. Tanto si quieres explorar la ciudad...","breadcrumb":{"@id":"https:\/\/pedaole.com\/es\/alquilar\/#breadcrumb"},"inLanguage":"es","potentialAction":[{"@type":"ReadAction","target":["https:\/\/pedaole.com\/es\/alquilar\/"]}]},{"@type":"ImageObject","inLanguage":"es","@id":"https:\/\/pedaole.com\/es\/alquilar\/#primaryimage","url":"https:\/\/pedaole.com\/wp-content\/uploads\/elementor\/thumbs\/e-scooter-rcm0b0xmn2d265wdvhm4gzrebt1tmgtvs125o4rt4o.webp","contentUrl":"https:\/\/pedaole.com\/wp-content\/uploads\/elementor\/thumbs\/e-scooter-rcm0b0xmn2d265wdvhm4gzrebt1tmgtvs125o4rt4o.webp"},{"@type":"BreadcrumbList","@id":"https:\/\/pedaole.com\/es\/alquilar\/#breadcrumb","itemListElement":[{"@type":"ListItem","position":1,"name":"Portada","item":"https:\/\/pedaole.com\/es\/"},{"@type":"ListItem","position":2,"name":"Alquilar"}]},{"@type":"WebSite","@id":"https:\/\/pedaole.com\/es\/#website","url":"https:\/\/pedaole.com\/es\/","name":"PedaOl\u00e9","description":"Pedal &amp; Ol\u00e9! Explore Sevilla","publisher":{"@id":"https:\/\/pedaole.com\/es\/#organization"},"potentialAction":[{"@type":"SearchAction","target":{"@type":"EntryPoint","urlTemplate":"https:\/\/pedaole.com\/es\/?s={search_term_string}"},"query-input":{"@type":"PropertyValueSpecification","valueRequired":true,"valueName":"search_term_string"}}],"inLanguage":"es"},{"@type":"Organization","@id":"https:\/\/pedaole.com\/es\/#organization","name":"PedaOl\u00e9","url":"https:\/\/pedaole.com\/es\/","logo":{"@type":"ImageObject","inLanguage":"es","@id":"https:\/\/pedaole.com\/es\/#\/schema\/logo\/image\/","url":"https:\/\/pedaole.com\/wp-content\/uploads\/2025\/09\/Pedaole_logo.png","contentUrl":"https:\/\/pedaole.com\/wp-content\/uploads\/2025\/09\/Pedaole_logo.png","width":376,"height":126,"caption":"PedaOl\u00e9"},"image":{"@id":"https:\/\/pedaole.com\/es\/#\/schema\/logo\/image\/"}}]}},"_links":{"self":[{"href":"https:\/\/pedaole.com\/es\/wp-json\/wp\/v2\/pages\/723","targetHints":{"allow":["GET"]}}],"collection":[{"href":"https:\/\/pedaole.com\/es\/wp-json\/wp\/v2\/pages"}],"about":[{"href":"https:\/\/pedaole.com\/es\/wp-json\/wp\/v2\/types\/page"}],"author":[{"embeddable":true,"href":"https:\/\/pedaole.com\/es\/wp-json\/wp\/v2\/users\/1"}],"replies":[{"embeddable":true,"href":"https:\/\/pedaole.com\/es\/wp-json\/wp\/v2\/comments?post=723"}],"version-history":[{"count":2,"href":"https:\/\/pedaole.com\/es\/wp-json\/wp\/v2\/pages\/723\/revisions"}],"predecessor-version":[{"id":1342,"href":"https:\/\/pedaole.com\/es\/wp-json\/wp\/v2\/pages\/723\/revisions\/1342"}],"wp:attachment":[{"href":"https:\/\/pedaole.com\/es\/wp-json\/wp\/v2\/media?parent=723"}],"curies":[{"name":"wp","href":"https:\/\/api.w.org\/{rel}","templated":true}]}}