{"id":718,"date":"2025-10-02T10:08:22","date_gmt":"2025-10-02T10:08:22","guid":{"rendered":"https:\/\/pedaole.com\/location\/"},"modified":"2026-05-07T08:41:22","modified_gmt":"2026-05-07T08:41:22","slug":"location","status":"publish","type":"page","link":"https:\/\/pedaole.com\/fr\/location\/","title":{"rendered":"Location"},"content":{"rendered":"\t\t<div data-elementor-type=\"wp-page\" data-elementor-id=\"718\" class=\"elementor elementor-718\">\n\t\t\t\t<div class=\"elementor-element elementor-element-170b81c1 e-flex e-con-boxed e-con e-parent\" data-id=\"170b81c1\" data-element_type=\"container\" data-e-type=\"container\">\n\t\t\t\t\t<div class=\"e-con-inner\">\n\t\t\t\t<div class=\"elementor-element elementor-element-18c6bb8a elementor-widget elementor-widget-heading\" data-id=\"18c6bb8a\" data-element_type=\"widget\" data-e-type=\"widget\" data-widget_type=\"heading.default\">\n\t\t\t\t\t<span class=\"elementor-heading-title elementor-size-default\">Explore S\u00e9ville \u00e0 ton propre rythme avec Pedaol\u00e9\n<\/span>\t\t\t\t<\/div>\n\t\t\t\t<div class=\"elementor-element elementor-element-127f6835 elementor-widget-divider--view-line elementor-widget elementor-widget-divider\" data-id=\"127f6835\" data-element_type=\"widget\" data-e-type=\"widget\" data-widget_type=\"divider.default\">\n\t\t\t\t\t\t\t<div class=\"elementor-divider\">\n\t\t\t<span class=\"elementor-divider-separator\">\n\t\t\t\t\t\t<\/span>\n\t\t<\/div>\n\t\t\t\t\t\t<\/div>\n\t\t\t\t<div class=\"elementor-element elementor-element-b3192af elementor-widget elementor-widget-heading\" data-id=\"b3192af\" data-element_type=\"widget\" data-e-type=\"widget\" data-widget_type=\"heading.default\">\n\t\t\t\t\t<span class=\"elementor-heading-title elementor-size-default\">En plus de nos visites guid\u00e9es, chez Pedaol\u00e9, nous vous proposons le meilleur service de location de v\u00e9los et de trottinettes \u00e9lectriques de S\u00e9ville. Que tu veuilles explorer la ville, profiter du tourisme durable ou te d\u00e9placer au quotidien, nous avons l'option parfaite pour toi&nbsp;: des v\u00e9los classiques aux v\u00e9los \u00e9lectriques et aux trottinettes \u00e9lectriques.<br><br>Choisis ton v\u00e9hicule, r\u00e9serve facilement et profite de S\u00e9ville en toute libert\u00e9.\n<\/span>\t\t\t\t<\/div>\n\t\t\t\t\t<\/div>\n\t\t\t\t<\/div>\n\t\t<div class=\"elementor-element elementor-element-3bfeb97 e-flex e-con-boxed e-con e-parent\" data-id=\"3bfeb97\" data-element_type=\"container\" data-e-type=\"container\">\n\t\t\t\t\t<div class=\"e-con-inner\">\n\t\t<div class=\"elementor-element elementor-element-bf3318d e-con-full e-flex e-con e-child\" data-id=\"bf3318d\" data-element_type=\"container\" data-e-type=\"container\">\n\t\t<div class=\"elementor-element elementor-element-c1e831c e-grid e-con-full e-con e-child\" data-id=\"c1e831c\" data-element_type=\"container\" data-e-type=\"container\">\n\t\t\t\t<div class=\"elementor-element elementor-element-79a08c4 elementor-widget elementor-widget-image\" data-id=\"79a08c4\" data-element_type=\"widget\" data-e-type=\"widget\" data-widget_type=\"image.default\">\n\t\t\t\t\t\t\t\t\t\t\t\t\t\t\t<img decoding=\"async\" src=\"https:\/\/pedaole.com\/wp-content\/uploads\/elementor\/thumbs\/e-scooter-rcm0b0xmn2d265wdvhm4gzrebt1tmgtvs125o4rt4o.webp\" title=\"trottinette \u00e9lectrique\" alt=\"trottinette \u00e9lectrique\" loading=\"lazy\" \/>\t\t\t\t\t\t\t\t\t\t\t\t\t\t\t<\/div>\n\t\t<div class=\"elementor-element elementor-element-eadbb95 e-con-full e-flex e-con e-child\" data-id=\"eadbb95\" data-element_type=\"container\" data-e-type=\"container\">\n\t\t\t\t<div class=\"elementor-element elementor-element-2c59defd elementor-widget elementor-widget-heading\" data-id=\"2c59defd\" data-element_type=\"widget\" data-e-type=\"widget\" data-widget_type=\"heading.default\">\n\t\t\t\t\t<span class=\"elementor-heading-title elementor-size-default\">Trottinette \u00e9lectrique<\/span>\t\t\t\t<\/div>\n\t\t\t\t<div class=\"elementor-element elementor-element-727363b elementor-widget elementor-widget-heading\" data-id=\"727363b\" data-element_type=\"widget\" data-e-type=\"widget\" data-widget_type=\"heading.default\">\n\t\t\t\t\t<span class=\"elementor-heading-title elementor-size-default\">\u00c0 partir de 40&nbsp;\u20ac\/jour<\/span>\t\t\t\t<\/div>\n\t\t\t\t<div class=\"elementor-element elementor-element-f4c0eef elementor-widget elementor-widget-heading\" data-id=\"f4c0eef\" data-element_type=\"widget\" data-e-type=\"widget\" data-widget_type=\"heading.default\">\n\t\t\t\t\t<span class=\"elementor-heading-title elementor-size-default\">Explore S\u00e9ville sans effort en louant nos trottinettes \u00e9lectriques. Une alternative rapide, \u00e9cologique et amusante pour se d\u00e9placer en ville. Parfait pour les trajets urbains, une fa\u00e7on diff\u00e9rente de faire du tourisme ou m\u00eame les trajets quotidiens.\n<\/span>\t\t\t\t<\/div>\n\t\t\t\t<div class=\"elementor-element elementor-element-9415d52 elementor-align-left elementor-widget elementor-widget-button\" data-id=\"9415d52\" data-element_type=\"widget\" data-e-type=\"widget\" data-widget_type=\"button.default\">\n\t\t\t\t\t\t\t\t\t\t<a class=\"elementor-button elementor-button-link elementor-size-sm\" href=\"https:\/\/wa.me\/34674971577?text=\">\n\t\t\t\t\t\t<span class=\"elementor-button-content-wrapper\">\n\t\t\t\t\t\t\t\t\t<span class=\"elementor-button-text\">R\u00e9server une trottinette \u00e9lectrique<\/span>\n\t\t\t\t\t<\/span>\n\t\t\t\t\t<\/a>\n\t\t\t\t\t\t\t\t<\/div>\n\t\t\t\t<\/div>\n\t\t\t\t<\/div>\n\t\t\t\t<\/div>\n\t\t\t\t\t<\/div>\n\t\t\t\t<\/div>\n\t\t<div class=\"elementor-element elementor-element-2b3fc89 e-flex e-con-boxed e-con e-parent\" data-id=\"2b3fc89\" data-element_type=\"container\" data-e-type=\"container\">\n\t\t\t\t\t<div class=\"e-con-inner\">\n\t\t<div class=\"elementor-element elementor-element-916574f e-con-full e-flex e-con e-child\" data-id=\"916574f\" data-element_type=\"container\" data-e-type=\"container\">\n\t\t<div class=\"elementor-element elementor-element-c1f080f e-grid e-con-full e-con e-child\" data-id=\"c1f080f\" data-element_type=\"container\" data-e-type=\"container\">\n\t\t\t\t<div class=\"elementor-element elementor-element-d953791 elementor-widget elementor-widget-image\" data-id=\"d953791\" data-element_type=\"widget\" data-e-type=\"widget\" data-widget_type=\"image.default\">\n\t\t\t\t\t\t\t\t\t\t\t\t\t\t\t<img decoding=\"async\" src=\"https:\/\/pedaole.com\/wp-content\/uploads\/elementor\/thumbs\/e-bike-e1759820651910-rcugknm8xx21eb52d97zvvsbc002obzd3gqdvrprug.webp\" title=\"v\u00e9lo \u00e9lectrique\" alt=\"v\u00e9lo \u00e9lectrique\" loading=\"lazy\" \/>\t\t\t\t\t\t\t\t\t\t\t\t\t\t\t<\/div>\n\t\t<div class=\"elementor-element elementor-element-5a297e8 e-con-full e-flex e-con e-child\" data-id=\"5a297e8\" data-element_type=\"container\" data-e-type=\"container\">\n\t\t\t\t<div class=\"elementor-element elementor-element-e04e48c elementor-widget elementor-widget-heading\" data-id=\"e04e48c\" data-element_type=\"widget\" data-e-type=\"widget\" data-widget_type=\"heading.default\">\n\t\t\t\t\t<span class=\"elementor-heading-title elementor-size-default\">V\u00e9lo \u00e9lectrique<\/span>\t\t\t\t<\/div>\n\t\t\t\t<div class=\"elementor-element elementor-element-82ff8ba elementor-widget elementor-widget-heading\" data-id=\"82ff8ba\" data-element_type=\"widget\" data-e-type=\"widget\" data-widget_type=\"heading.default\">\n\t\t\t\t\t<span class=\"elementor-heading-title elementor-size-default\">\u00c0 partir de 30&nbsp;\u20ac\/jour<\/span>\t\t\t\t<\/div>\n\t\t\t\t<div class=\"elementor-element elementor-element-37ee240 elementor-widget elementor-widget-heading\" data-id=\"37ee240\" data-element_type=\"widget\" data-e-type=\"widget\" data-widget_type=\"heading.default\">\n\t\t\t\t\t<span class=\"elementor-heading-title elementor-size-default\">Les v\u00e9los \u00e9lectriques Pedaol\u00e9 sont id\u00e9aux pour les longs trajets ou les visites touristiques sans se fatiguer. Gr\u00e2ce \u00e0 leur autonomie \u00e9tendue et \u00e0 leur design moderne, tu peux profiter de S\u00e9ville dans un confort et une libert\u00e9 totale.\n<\/span>\t\t\t\t<\/div>\n\t\t\t\t<div class=\"elementor-element elementor-element-f712108 elementor-align-left elementor-widget elementor-widget-button\" data-id=\"f712108\" data-element_type=\"widget\" data-e-type=\"widget\" data-widget_type=\"button.default\">\n\t\t\t\t\t\t\t\t\t\t<a class=\"elementor-button elementor-button-link elementor-size-sm\" href=\"https:\/\/wa.me\/34674971577?text=\">\n\t\t\t\t\t\t<span class=\"elementor-button-content-wrapper\">\n\t\t\t\t\t\t\t\t\t<span class=\"elementor-button-text\">R\u00e9server un v\u00e9lo \u00e9lectrique<\/span>\n\t\t\t\t\t<\/span>\n\t\t\t\t\t<\/a>\n\t\t\t\t\t\t\t\t<\/div>\n\t\t\t\t<\/div>\n\t\t\t\t<\/div>\n\t\t\t\t<\/div>\n\t\t\t\t\t<\/div>\n\t\t\t\t<\/div>\n\t\t<div class=\"elementor-element elementor-element-facfc95 e-flex e-con-boxed e-con e-parent\" data-id=\"facfc95\" data-element_type=\"container\" data-e-type=\"container\">\n\t\t\t\t\t<div class=\"e-con-inner\">\n\t\t<div class=\"elementor-element elementor-element-c98b9b3 e-con-full e-flex e-con e-child\" data-id=\"c98b9b3\" data-element_type=\"container\" data-e-type=\"container\">\n\t\t<div class=\"elementor-element elementor-element-84868b6 e-grid e-con-full e-con e-child\" data-id=\"84868b6\" data-element_type=\"container\" data-e-type=\"container\">\n\t\t\t\t<div class=\"elementor-element elementor-element-20d456d elementor-widget elementor-widget-image\" data-id=\"20d456d\" data-element_type=\"widget\" data-e-type=\"widget\" data-widget_type=\"image.default\">\n\t\t\t\t\t\t\t\t\t\t\t\t\t\t\t<img decoding=\"async\" src=\"https:\/\/pedaole.com\/wp-content\/uploads\/elementor\/thumbs\/dutch-bike-e1759820799187-rcugoiqd1ech4lizsxcs4woj90yebjbmyla8wpzi9k.webp\" title=\"v\u00e9lo hollandais\" alt=\"v\u00e9lo hollandais\" loading=\"lazy\" \/>\t\t\t\t\t\t\t\t\t\t\t\t\t\t\t<\/div>\n\t\t<div class=\"elementor-element elementor-element-f14c00a e-con-full e-flex e-con e-child\" data-id=\"f14c00a\" data-element_type=\"container\" data-e-type=\"container\">\n\t\t\t\t<div class=\"elementor-element elementor-element-294671f elementor-widget elementor-widget-heading\" data-id=\"294671f\" data-element_type=\"widget\" data-e-type=\"widget\" data-widget_type=\"heading.default\">\n\t\t\t\t\t<span class=\"elementor-heading-title elementor-size-default\">V\u00e9lo hollandais<\/span>\t\t\t\t<\/div>\n\t\t\t\t<div class=\"elementor-element elementor-element-d12b861 elementor-widget elementor-widget-heading\" data-id=\"d12b861\" data-element_type=\"widget\" data-e-type=\"widget\" data-widget_type=\"heading.default\">\n\t\t\t\t\t<span class=\"elementor-heading-title elementor-size-default\">\u00c0 partir de 12&nbsp;\u20ac\/jour<\/span>\t\t\t\t<\/div>\n\t\t\t\t<div class=\"elementor-element elementor-element-5c97974 elementor-widget elementor-widget-heading\" data-id=\"5c97974\" data-element_type=\"widget\" data-e-type=\"widget\" data-widget_type=\"heading.default\">\n\t\t\t\t\t<span class=\"elementor-heading-title elementor-size-default\">La fa\u00e7on la plus \u00e9conomique, saine et amusante de se d\u00e9placer \u00e0 S\u00e9ville. Parfaits pour tous les \u00e2ges et tous les niveaux, nos v\u00e9los hollandais sont confortables et s\u00fbrs, id\u00e9aux pour ceux qui veulent profiter de la ville \u00e0 leur propre rythme.<\/span>\t\t\t\t<\/div>\n\t\t\t\t<div class=\"elementor-element elementor-element-9057463 elementor-align-left elementor-widget elementor-widget-button\" data-id=\"9057463\" data-element_type=\"widget\" data-e-type=\"widget\" data-widget_type=\"button.default\">\n\t\t\t\t\t\t\t\t\t\t<a class=\"elementor-button elementor-button-link elementor-size-sm\" href=\"https:\/\/wa.me\/34674971577?text=\">\n\t\t\t\t\t\t<span class=\"elementor-button-content-wrapper\">\n\t\t\t\t\t\t\t\t\t<span class=\"elementor-button-text\">R\u00e9server un v\u00e9lo hollandais<\/span>\n\t\t\t\t\t<\/span>\n\t\t\t\t\t<\/a>\n\t\t\t\t\t\t\t\t<\/div>\n\t\t\t\t<\/div>\n\t\t\t\t<\/div>\n\t\t\t\t<\/div>\n\t\t\t\t\t<\/div>\n\t\t\t\t<\/div>\n\t\t<div class=\"elementor-element elementor-element-a446764 e-flex e-con-boxed e-con e-parent\" data-id=\"a446764\" data-element_type=\"container\" data-e-type=\"container\">\n\t\t\t\t\t<div class=\"e-con-inner\">\n\t\t\t\t<div class=\"elementor-element elementor-element-30d95994 elementor-widget elementor-widget-heading\" data-id=\"30d95994\" data-element_type=\"widget\" data-e-type=\"widget\" data-widget_type=\"heading.default\">\n\t\t\t\t\t<span class=\"elementor-heading-title elementor-size-default\">Tu cherches plus qu'un simple v\u00e9lo&nbsp;?<\/span>\t\t\t\t<\/div>\n\t\t\t\t<div class=\"elementor-element elementor-element-50c8b77c elementor-widget elementor-widget-heading\" data-id=\"50c8b77c\" data-element_type=\"widget\" data-e-type=\"widget\" data-widget_type=\"heading.default\">\n\t\t\t\t\t<span class=\"elementor-heading-title elementor-size-default\">D\u00e9couvre S\u00e9ville avec un guide local&nbsp;! Nos visites \u00e0 v\u00e9lo t'emm\u00e8nent au-del\u00e0 de la simple balade&nbsp;: explore des monuments embl\u00e9matiques, des coins cach\u00e9s et des histoires authentiques qui donnent vie \u00e0 la ville.<\/span>\t\t\t\t<\/div>\n\t\t\t\t<div class=\"elementor-element elementor-element-78178f1d elementor-align-center elementor-widget elementor-widget-button\" data-id=\"78178f1d\" data-element_type=\"widget\" data-e-type=\"widget\" data-widget_type=\"button.default\">\n\t\t\t\t\t\t\t\t\t\t<a class=\"elementor-button elementor-button-link elementor-size-sm\" href=\"https:\/\/pedaole.com\/fr\/calendrier-de-reservation\/\">\n\t\t\t\t\t\t<span class=\"elementor-button-content-wrapper\">\n\t\t\t\t\t\t\t\t\t<span class=\"elementor-button-text\">\ud83d\udc49 R\u00e9server une visite avec un guide<\/span>\n\t\t\t\t\t<\/span>\n\t\t\t\t\t<\/a>\n\t\t\t\t\t\t\t\t<\/div>\n\t\t\t\t\t<\/div>\n\t\t\t\t<\/div>\n\t\t\t\t<\/div>\n\t\t","protected":false},"excerpt":{"rendered":"<p>Explore S\u00e9ville \u00e0 ton propre rythme avec Pedaol\u00e9 En plus de nos visites guid\u00e9es, chez Pedaol\u00e9, nous vous proposons le [&hellip;]<\/p>\n","protected":false},"author":1,"featured_media":0,"parent":0,"menu_order":0,"comment_status":"closed","ping_status":"closed","template":"","meta":{"site-sidebar-layout":"no-sidebar","site-content-layout":"","ast-site-content-layout":"full-width-container","site-content-style":"default","site-sidebar-style":"default","ast-global-header-display":"","ast-banner-title-visibility":"","ast-main-header-display":"","ast-hfb-above-header-display":"","ast-hfb-below-header-display":"","ast-hfb-mobile-header-display":"","site-post-title":"disabled","ast-breadcrumbs-content":"","ast-featured-img":"disabled","footer-sml-layout":"","ast-disable-related-posts":"","theme-transparent-header-meta":"","adv-header-id-meta":"","stick-header-meta":"","header-above-stick-meta":"","header-main-stick-meta":"","header-below-stick-meta":"","astra-migrate-meta-layouts":"default","ast-page-background-enabled":"default","ast-page-background-meta":{"desktop":{"background-color":"var(--ast-global-color-5)","background-image":"","background-repeat":"repeat","background-position":"center center","background-size":"auto","background-attachment":"scroll","background-type":"","background-media":"","overlay-type":"","overlay-color":"","overlay-opacity":"","overlay-gradient":""},"tablet":{"background-color":"","background-image":"","background-repeat":"repeat","background-position":"center center","background-size":"auto","background-attachment":"scroll","background-type":"","background-media":"","overlay-type":"","overlay-color":"","overlay-opacity":"","overlay-gradient":""},"mobile":{"background-color":"","background-image":"","background-repeat":"repeat","background-position":"center center","background-size":"auto","background-attachment":"scroll","background-type":"","background-media":"","overlay-type":"","overlay-color":"","overlay-opacity":"","overlay-gradient":""}},"ast-content-background-meta":{"desktop":{"background-color":"var(--ast-global-color-4)","background-image":"","background-repeat":"repeat","background-position":"center center","background-size":"auto","background-attachment":"scroll","background-type":"","background-media":"","overlay-type":"","overlay-color":"","overlay-opacity":"","overlay-gradient":""},"tablet":{"background-color":"var(--ast-global-color-4)","background-image":"","background-repeat":"repeat","background-position":"center center","background-size":"auto","background-attachment":"scroll","background-type":"","background-media":"","overlay-type":"","overlay-color":"","overlay-opacity":"","overlay-gradient":""},"mobile":{"background-color":"var(--ast-global-color-4)","background-image":"","background-repeat":"repeat","background-position":"center center","background-size":"auto","background-attachment":"scroll","background-type":"","background-media":"","overlay-type":"","overlay-color":"","overlay-opacity":"","overlay-gradient":""}},"_joinchat":[],"footnotes":""},"class_list":["post-718","page","type-page","status-publish","hentry"],"yoast_head":"<!-- This site is optimized with the Yoast SEO plugin v27.4 - https:\/\/yoast.com\/product\/yoast-seo-wordpress\/ -->\n<title>Location - PedaOl\u00e9<\/title>\n<meta name=\"description\" content=\"En plus de nos visites guid\u00e9es, chez Pedaol\u00e9, nous vous proposons le meilleur service de location de v\u00e9los et de trottinettes \u00e9lectriques de S\u00e9ville. Que tu veuilles explorer la ville...\" \/>\n<meta name=\"robots\" content=\"index, follow, max-snippet:-1, max-image-preview:large, max-video-preview:-1\" \/>\n<link rel=\"canonical\" href=\"https:\/\/pedaole.com\/fr\/location\/\" \/>\n<meta property=\"og:locale\" content=\"fr_FR\" \/>\n<meta property=\"og:type\" content=\"article\" \/>\n<meta property=\"og:title\" content=\"Location - PedaOl\u00e9\" \/>\n<meta property=\"og:description\" content=\"En plus de nos visites guid\u00e9es, chez Pedaol\u00e9, nous vous proposons le meilleur service de location de v\u00e9los et de trottinettes \u00e9lectriques de S\u00e9ville. Que tu veuilles explorer la ville...\" \/>\n<meta property=\"og:url\" content=\"https:\/\/pedaole.com\/fr\/location\/\" \/>\n<meta property=\"og:site_name\" content=\"PedaOl\u00e9\" \/>\n<meta property=\"article:modified_time\" content=\"2026-05-07T08:41:22+00:00\" \/>\n<meta property=\"og:image\" content=\"https:\/\/pedaole.com\/wp-content\/uploads\/elementor\/thumbs\/e-scooter-rcm0b0xmn2d265wdvhm4gzrebt1tmgtvs125o4rt4o.webp\" \/>\n<meta name=\"twitter:card\" content=\"summary_large_image\" \/>\n<meta name=\"twitter:label1\" content=\"Dur\u00e9e de lecture estim\u00e9e\" \/>\n\t<meta name=\"twitter:data1\" content=\"2 minutes\" \/>\n<script type=\"application\/ld+json\" class=\"yoast-schema-graph\">{\"@context\":\"https:\\\/\\\/schema.org\",\"@graph\":[{\"@type\":\"WebPage\",\"@id\":\"https:\\\/\\\/pedaole.com\\\/fr\\\/location\\\/\",\"url\":\"https:\\\/\\\/pedaole.com\\\/fr\\\/location\\\/\",\"name\":\"Location - PedaOl\u00e9\",\"isPartOf\":{\"@id\":\"https:\\\/\\\/pedaole.com\\\/fr\\\/#website\"},\"primaryImageOfPage\":{\"@id\":\"https:\\\/\\\/pedaole.com\\\/fr\\\/location\\\/#primaryimage\"},\"image\":{\"@id\":\"https:\\\/\\\/pedaole.com\\\/fr\\\/location\\\/#primaryimage\"},\"thumbnailUrl\":\"https:\\\/\\\/pedaole.com\\\/wp-content\\\/uploads\\\/elementor\\\/thumbs\\\/e-scooter-rcm0b0xmn2d265wdvhm4gzrebt1tmgtvs125o4rt4o.webp\",\"datePublished\":\"2025-10-02T10:08:22+00:00\",\"dateModified\":\"2026-05-07T08:41:22+00:00\",\"description\":\"En plus de nos visites guid\u00e9es, chez Pedaol\u00e9, nous vous proposons le meilleur service de location de v\u00e9los et de trottinettes \u00e9lectriques de S\u00e9ville. Que tu veuilles explorer la ville...\",\"breadcrumb\":{\"@id\":\"https:\\\/\\\/pedaole.com\\\/fr\\\/location\\\/#breadcrumb\"},\"inLanguage\":\"fr-FR\",\"potentialAction\":[{\"@type\":\"ReadAction\",\"target\":[\"https:\\\/\\\/pedaole.com\\\/fr\\\/location\\\/\"]}]},{\"@type\":\"ImageObject\",\"inLanguage\":\"fr-FR\",\"@id\":\"https:\\\/\\\/pedaole.com\\\/fr\\\/location\\\/#primaryimage\",\"url\":\"https:\\\/\\\/pedaole.com\\\/wp-content\\\/uploads\\\/elementor\\\/thumbs\\\/e-scooter-rcm0b0xmn2d265wdvhm4gzrebt1tmgtvs125o4rt4o.webp\",\"contentUrl\":\"https:\\\/\\\/pedaole.com\\\/wp-content\\\/uploads\\\/elementor\\\/thumbs\\\/e-scooter-rcm0b0xmn2d265wdvhm4gzrebt1tmgtvs125o4rt4o.webp\"},{\"@type\":\"BreadcrumbList\",\"@id\":\"https:\\\/\\\/pedaole.com\\\/fr\\\/location\\\/#breadcrumb\",\"itemListElement\":[{\"@type\":\"ListItem\",\"position\":1,\"name\":\"Portada\",\"item\":\"https:\\\/\\\/pedaole.com\\\/fr\\\/\"},{\"@type\":\"ListItem\",\"position\":2,\"name\":\"Location\"}]},{\"@type\":\"WebSite\",\"@id\":\"https:\\\/\\\/pedaole.com\\\/fr\\\/#website\",\"url\":\"https:\\\/\\\/pedaole.com\\\/fr\\\/\",\"name\":\"PedaOl\u00e9\",\"description\":\"Pedal &amp; Ol\u00e9! Explore Sevilla\",\"publisher\":{\"@id\":\"https:\\\/\\\/pedaole.com\\\/fr\\\/#organization\"},\"potentialAction\":[{\"@type\":\"SearchAction\",\"target\":{\"@type\":\"EntryPoint\",\"urlTemplate\":\"https:\\\/\\\/pedaole.com\\\/fr\\\/?s={search_term_string}\"},\"query-input\":{\"@type\":\"PropertyValueSpecification\",\"valueRequired\":true,\"valueName\":\"search_term_string\"}}],\"inLanguage\":\"fr-FR\"},{\"@type\":\"Organization\",\"@id\":\"https:\\\/\\\/pedaole.com\\\/fr\\\/#organization\",\"name\":\"PedaOl\u00e9\",\"url\":\"https:\\\/\\\/pedaole.com\\\/fr\\\/\",\"logo\":{\"@type\":\"ImageObject\",\"inLanguage\":\"fr-FR\",\"@id\":\"https:\\\/\\\/pedaole.com\\\/fr\\\/#\\\/schema\\\/logo\\\/image\\\/\",\"url\":\"https:\\\/\\\/pedaole.com\\\/wp-content\\\/uploads\\\/2025\\\/09\\\/Pedaole_logo.png\",\"contentUrl\":\"https:\\\/\\\/pedaole.com\\\/wp-content\\\/uploads\\\/2025\\\/09\\\/Pedaole_logo.png\",\"width\":376,\"height\":126,\"caption\":\"PedaOl\u00e9\"},\"image\":{\"@id\":\"https:\\\/\\\/pedaole.com\\\/fr\\\/#\\\/schema\\\/logo\\\/image\\\/\"}}]}<\/script>\n<!-- \/ Yoast SEO plugin. -->","yoast_head_json":{"title":"Location - PedaOl\u00e9","description":"En plus de nos visites guid\u00e9es, chez Pedaol\u00e9, nous vous proposons le meilleur service de location de v\u00e9los et de trottinettes \u00e9lectriques de S\u00e9ville. Que tu veuilles explorer la ville...","robots":{"index":"index","follow":"follow","max-snippet":"max-snippet:-1","max-image-preview":"max-image-preview:large","max-video-preview":"max-video-preview:-1"},"canonical":"https:\/\/pedaole.com\/fr\/location\/","og_locale":"fr_FR","og_type":"article","og_title":"Location - PedaOl\u00e9","og_description":"En plus de nos visites guid\u00e9es, chez Pedaol\u00e9, nous vous proposons le meilleur service de location de v\u00e9los et de trottinettes \u00e9lectriques de S\u00e9ville. Que tu veuilles explorer la ville...","og_url":"https:\/\/pedaole.com\/fr\/location\/","og_site_name":"PedaOl\u00e9","article_modified_time":"2026-05-07T08:41:22+00:00","og_image":[{"url":"https:\/\/pedaole.com\/wp-content\/uploads\/elementor\/thumbs\/e-scooter-rcm0b0xmn2d265wdvhm4gzrebt1tmgtvs125o4rt4o.webp","type":"","width":"","height":""}],"twitter_card":"summary_large_image","twitter_misc":{"Dur\u00e9e de lecture estim\u00e9e":"2 minutes"},"schema":{"@context":"https:\/\/schema.org","@graph":[{"@type":"WebPage","@id":"https:\/\/pedaole.com\/fr\/location\/","url":"https:\/\/pedaole.com\/fr\/location\/","name":"Location - PedaOl\u00e9","isPartOf":{"@id":"https:\/\/pedaole.com\/fr\/#website"},"primaryImageOfPage":{"@id":"https:\/\/pedaole.com\/fr\/location\/#primaryimage"},"image":{"@id":"https:\/\/pedaole.com\/fr\/location\/#primaryimage"},"thumbnailUrl":"https:\/\/pedaole.com\/wp-content\/uploads\/elementor\/thumbs\/e-scooter-rcm0b0xmn2d265wdvhm4gzrebt1tmgtvs125o4rt4o.webp","datePublished":"2025-10-02T10:08:22+00:00","dateModified":"2026-05-07T08:41:22+00:00","description":"En plus de nos visites guid\u00e9es, chez Pedaol\u00e9, nous vous proposons le meilleur service de location de v\u00e9los et de trottinettes \u00e9lectriques de S\u00e9ville. Que tu veuilles explorer la ville...","breadcrumb":{"@id":"https:\/\/pedaole.com\/fr\/location\/#breadcrumb"},"inLanguage":"fr-FR","potentialAction":[{"@type":"ReadAction","target":["https:\/\/pedaole.com\/fr\/location\/"]}]},{"@type":"ImageObject","inLanguage":"fr-FR","@id":"https:\/\/pedaole.com\/fr\/location\/#primaryimage","url":"https:\/\/pedaole.com\/wp-content\/uploads\/elementor\/thumbs\/e-scooter-rcm0b0xmn2d265wdvhm4gzrebt1tmgtvs125o4rt4o.webp","contentUrl":"https:\/\/pedaole.com\/wp-content\/uploads\/elementor\/thumbs\/e-scooter-rcm0b0xmn2d265wdvhm4gzrebt1tmgtvs125o4rt4o.webp"},{"@type":"BreadcrumbList","@id":"https:\/\/pedaole.com\/fr\/location\/#breadcrumb","itemListElement":[{"@type":"ListItem","position":1,"name":"Portada","item":"https:\/\/pedaole.com\/fr\/"},{"@type":"ListItem","position":2,"name":"Location"}]},{"@type":"WebSite","@id":"https:\/\/pedaole.com\/fr\/#website","url":"https:\/\/pedaole.com\/fr\/","name":"PedaOl\u00e9","description":"Pedal &amp; Ol\u00e9! Explore Sevilla","publisher":{"@id":"https:\/\/pedaole.com\/fr\/#organization"},"potentialAction":[{"@type":"SearchAction","target":{"@type":"EntryPoint","urlTemplate":"https:\/\/pedaole.com\/fr\/?s={search_term_string}"},"query-input":{"@type":"PropertyValueSpecification","valueRequired":true,"valueName":"search_term_string"}}],"inLanguage":"fr-FR"},{"@type":"Organization","@id":"https:\/\/pedaole.com\/fr\/#organization","name":"PedaOl\u00e9","url":"https:\/\/pedaole.com\/fr\/","logo":{"@type":"ImageObject","inLanguage":"fr-FR","@id":"https:\/\/pedaole.com\/fr\/#\/schema\/logo\/image\/","url":"https:\/\/pedaole.com\/wp-content\/uploads\/2025\/09\/Pedaole_logo.png","contentUrl":"https:\/\/pedaole.com\/wp-content\/uploads\/2025\/09\/Pedaole_logo.png","width":376,"height":126,"caption":"PedaOl\u00e9"},"image":{"@id":"https:\/\/pedaole.com\/fr\/#\/schema\/logo\/image\/"}}]}},"_links":{"self":[{"href":"https:\/\/pedaole.com\/fr\/wp-json\/wp\/v2\/pages\/718","targetHints":{"allow":["GET"]}}],"collection":[{"href":"https:\/\/pedaole.com\/fr\/wp-json\/wp\/v2\/pages"}],"about":[{"href":"https:\/\/pedaole.com\/fr\/wp-json\/wp\/v2\/types\/page"}],"author":[{"embeddable":true,"href":"https:\/\/pedaole.com\/fr\/wp-json\/wp\/v2\/users\/1"}],"replies":[{"embeddable":true,"href":"https:\/\/pedaole.com\/fr\/wp-json\/wp\/v2\/comments?post=718"}],"version-history":[{"count":1,"href":"https:\/\/pedaole.com\/fr\/wp-json\/wp\/v2\/pages\/718\/revisions"}],"predecessor-version":[{"id":727,"href":"https:\/\/pedaole.com\/fr\/wp-json\/wp\/v2\/pages\/718\/revisions\/727"}],"wp:attachment":[{"href":"https:\/\/pedaole.com\/fr\/wp-json\/wp\/v2\/media?parent=718"}],"curies":[{"name":"wp","href":"https:\/\/api.w.org\/{rel}","templated":true}]}}