{"id":968,"date":"2025-09-18T17:56:54","date_gmt":"2025-09-18T17:56:54","guid":{"rendered":"https:\/\/pedaole.com\/contatto\/"},"modified":"2026-05-07T08:54:46","modified_gmt":"2026-05-07T08:54:46","slug":"contatto","status":"publish","type":"page","link":"https:\/\/pedaole.com\/it\/contatto\/","title":{"rendered":"Contatto"},"content":{"rendered":"\t\t<div data-elementor-type=\"wp-page\" data-elementor-id=\"968\" class=\"elementor elementor-968 elementor-46\">\n\t\t\t\t<div class=\"elementor-element elementor-element-d29ae95 e-flex e-con-boxed e-con e-parent\" data-id=\"d29ae95\" data-element_type=\"container\" data-e-type=\"container\">\n\t\t\t\t\t<div class=\"e-con-inner\">\n\t\t\t\t<div class=\"elementor-element elementor-element-191c530 elementor-widget elementor-widget-heading\" data-id=\"191c530\" data-element_type=\"widget\" data-e-type=\"widget\" data-widget_type=\"heading.default\">\n\t\t\t\t\t<span class=\"elementor-heading-title elementor-size-default\">Contattaci<\/span>\t\t\t\t<\/div>\n\t\t\t\t<div class=\"elementor-element elementor-element-48a4081 elementor-widget-divider--view-line elementor-widget elementor-widget-divider\" data-id=\"48a4081\" data-element_type=\"widget\" data-e-type=\"widget\" data-widget_type=\"divider.default\">\n\t\t\t\t\t\t\t<div class=\"elementor-divider\">\n\t\t\t<span class=\"elementor-divider-separator\">\n\t\t\t\t\t\t<\/span>\n\t\t<\/div>\n\t\t\t\t\t\t<\/div>\n\t\t\t\t\t<\/div>\n\t\t\t\t<\/div>\n\t\t<div class=\"elementor-element elementor-element-125a67d e-flex e-con-boxed e-con e-parent\" data-id=\"125a67d\" data-element_type=\"container\" data-e-type=\"container\">\n\t\t\t\t\t<div class=\"e-con-inner\">\n\t\t<div class=\"elementor-element elementor-element-302bd12 e-con-full e-flex e-con e-child\" data-id=\"302bd12\" data-element_type=\"container\" data-e-type=\"container\">\n\t\t\t\t<div class=\"elementor-element elementor-element-6a0a330 elementor-widget elementor-widget-shortcode\" data-id=\"6a0a330\" data-element_type=\"widget\" data-e-type=\"widget\" data-widget_type=\"shortcode.default\">\n\t\t\t\t\t\t\t<div class=\"elementor-shortcode\">\n<div class=\"wpcf7 no-js\" id=\"wpcf7-f1004-o1\" lang=\"it-IT\" dir=\"ltr\" data-wpcf7-id=\"1004\">\n<div class=\"screen-reader-response\"><p role=\"status\" aria-live=\"polite\" aria-atomic=\"true\"><\/p> <ul><\/ul><\/div>\n<form action=\"\/it\/wp-json\/wp\/v2\/pages\/968#wpcf7-f1004-o1\" method=\"post\" class=\"wpcf7-form init\" aria-label=\"Modulo di contatto\" novalidate=\"novalidate\" data-status=\"init\">\n<fieldset class=\"hidden-fields-container\"><input type=\"hidden\" name=\"_wpcf7\" value=\"1004\" \/><input type=\"hidden\" name=\"_wpcf7_version\" value=\"6.1.3\" \/><input type=\"hidden\" name=\"_wpcf7_locale\" value=\"it_IT\" \/><input type=\"hidden\" name=\"_wpcf7_unit_tag\" value=\"wpcf7-f1004-o1\" \/><input type=\"hidden\" name=\"_wpcf7_container_post\" value=\"0\" \/><input type=\"hidden\" name=\"_wpcf7_posted_data_hash\" value=\"\" \/>\n<\/fieldset>\n<p><label> Nome<br \/>\n<span class=\"wpcf7-form-control-wrap\" data-name=\"your-name\"><input size=\"40\" maxlength=\"400\" class=\"wpcf7-form-control wpcf7-text wpcf7-validates-as-required\" autocomplete=\"name\" aria-required=\"true\" aria-invalid=\"false\" value=\"\" type=\"text\" name=\"your-name\" \/><\/span> <\/label>\n<\/p>\n<p><label> Email<br \/>\n<span class=\"wpcf7-form-control-wrap\" data-name=\"your-email\"><input size=\"40\" maxlength=\"400\" class=\"wpcf7-form-control wpcf7-email wpcf7-validates-as-required wpcf7-text wpcf7-validates-as-email\" autocomplete=\"email\" aria-required=\"true\" aria-invalid=\"false\" value=\"\" type=\"email\" name=\"your-email\" \/><\/span> <\/label>\n<\/p>\n<p><label> Messaggio<br \/>\n<span class=\"wpcf7-form-control-wrap\" data-name=\"your-message\"><textarea cols=\"40\" rows=\"10\" maxlength=\"2000\" class=\"wpcf7-form-control wpcf7-textarea\" aria-invalid=\"false\" name=\"your-message\"><\/textarea><\/span> <\/label><br \/>\n<span class=\"wpcf7-form-control-wrap\" data-name=\"acceptance-82\"><span class=\"wpcf7-form-control wpcf7-acceptance\"><span class=\"wpcf7-list-item\"><label><input type=\"checkbox\" name=\"acceptance-82\" value=\"1\" aria-invalid=\"false\" \/><span class=\"wpcf7-list-item-label\">* Accetto l'<a href=\"https:\/\/pedaole.com\/privacy-policy\/\">Informativa sulla privacy<\/a>.<\/span><\/label><\/span><\/span><\/span>\n<\/p>\n<p><input class=\"wpcf7-form-control wpcf7-submit has-spinner\" type=\"submit\" value=\"Invia\" \/>\n<\/p><div class=\"wpcf7-response-output\" aria-hidden=\"true\"><\/div>\n<\/form>\n<\/div>\n<\/div>\n\t\t\t\t\t\t<\/div>\n\t\t\t\t<\/div>\n\t\t<div class=\"elementor-element elementor-element-4c0bd6d e-con-full e-flex e-con e-child\" data-id=\"4c0bd6d\" data-element_type=\"container\" data-e-type=\"container\">\n\t\t\t\t<div class=\"elementor-element elementor-element-2d0adcf elementor-widget elementor-widget-text-editor\" data-id=\"2d0adcf\" data-element_type=\"widget\" data-e-type=\"widget\" data-widget_type=\"text-editor.default\">\n\t\t\t\t\t\t\t\t\t<p class=\"p1\">A Pedaol\u00e9, non ci limitiamo a organizzare tour: condividiamo con te la Siviglia pi\u00f9 autentica. Inviaci un messaggio e inizia a pedalare verso la tua prossima avventura. <\/p>\t\t\t\t\t\t\t\t<\/div>\n\t\t\t\t<div class=\"elementor-element elementor-element-82e355c elementor-widget elementor-widget-heading\" data-id=\"82e355c\" data-element_type=\"widget\" data-e-type=\"widget\" data-widget_type=\"heading.default\">\n\t\t\t\t\t<span class=\"elementor-heading-title elementor-size-default\">Mettiti in contatto\n<\/span>\t\t\t\t<\/div>\n\t\t\t\t<div class=\"elementor-element elementor-element-a1c5ef3 elementor-widget elementor-widget-text-editor\" data-id=\"a1c5ef3\" data-element_type=\"widget\" data-e-type=\"widget\" data-widget_type=\"text-editor.default\">\n\t\t\t\t\t\t\t\t\t<p>Chiamaci <a href=\"tel:+34674971577\" aria-label=\"Llamar a Pedaol\u00e9 al n\u00famero +34 674 971 577\"><strong>al +34 674 971 577<\/strong><\/a> o <strong><a href=\"https:\/\/wa.me\/34674971577\" target=\"_blank\" rel=\"noopener\" aria-label=\"Enviar WhatsApp a Pedaol\u00e9\">scrivici su whatsapp<\/a><\/strong>.<\/p>\n<p class=\"p2\"><span class=\"s1\">Email: <strong><a href=\"mailto:info@pedaole.com\"><span class=\"s2\">info@pedaole.com<\/span><\/a><\/strong><\/span><\/p>\n<p class=\"p1\">C. Salado 28 &#8211; 41010 Siviglia<\/p>\n<p class=\"p1\">Tutti i giorni dalle 9:00 alle 19:00<\/p>\t\t\t\t\t\t\t\t<\/div>\n\t\t\t\t<div class=\"elementor-element elementor-element-2400583 elementor-widget elementor-widget-heading\" data-id=\"2400583\" data-element_type=\"widget\" data-e-type=\"widget\" data-widget_type=\"heading.default\">\n\t\t\t\t\t<span class=\"elementor-heading-title elementor-size-default\">Seguici<\/span>\t\t\t\t<\/div>\n\t\t\t\t<div class=\"elementor-element elementor-element-adcd798 e-grid-align-left elementor-shape-circle elementor-grid-0 elementor-widget elementor-widget-social-icons\" data-id=\"adcd798\" data-element_type=\"widget\" data-e-type=\"widget\" data-widget_type=\"social-icons.default\">\n\t\t\t\t\t\t\t<div class=\"elementor-social-icons-wrapper elementor-grid\" role=\"list\">\n\t\t\t\t\t\t\t<span class=\"elementor-grid-item\" role=\"listitem\">\n\t\t\t\t\t<a class=\"elementor-icon elementor-social-icon elementor-social-icon-instagram elementor-repeater-item-38e2f4c\" href=\"https:\/\/www.instagram.com\/pedaole\/\" target=\"_blank\">\n\t\t\t\t\t\t<span class=\"elementor-screen-only\">Instagram<\/span>\n\t\t\t\t\t\t<svg aria-hidden=\"true\" class=\"e-font-icon-svg e-fab-instagram\" viewBox=\"0 0 448 512\" xmlns=\"http:\/\/www.w3.org\/2000\/svg\"><path d=\"M224.1 141c-63.6 0-114.9 51.3-114.9 114.9s51.3 114.9 114.9 114.9S339 319.5 339 255.9 287.7 141 224.1 141zm0 189.6c-41.1 0-74.7-33.5-74.7-74.7s33.5-74.7 74.7-74.7 74.7 33.5 74.7 74.7-33.6 74.7-74.7 74.7zm146.4-194.3c0 14.9-12 26.8-26.8 26.8-14.9 0-26.8-12-26.8-26.8s12-26.8 26.8-26.8 26.8 12 26.8 26.8zm76.1 27.2c-1.7-35.9-9.9-67.7-36.2-93.9-26.2-26.2-58-34.4-93.9-36.2-37-2.1-147.9-2.1-184.9 0-35.8 1.7-67.6 9.9-93.9 36.1s-34.4 58-36.2 93.9c-2.1 37-2.1 147.9 0 184.9 1.7 35.9 9.9 67.7 36.2 93.9s58 34.4 93.9 36.2c37 2.1 147.9 2.1 184.9 0 35.9-1.7 67.7-9.9 93.9-36.2 26.2-26.2 34.4-58 36.2-93.9 2.1-37 2.1-147.8 0-184.8zM398.8 388c-7.8 19.6-22.9 34.7-42.6 42.6-29.5 11.7-99.5 9-132.1 9s-102.7 2.6-132.1-9c-19.6-7.8-34.7-22.9-42.6-42.6-11.7-29.5-9-99.5-9-132.1s-2.6-102.7 9-132.1c7.8-19.6 22.9-34.7 42.6-42.6 29.5-11.7 99.5-9 132.1-9s102.7-2.6 132.1 9c19.6 7.8 34.7 22.9 42.6 42.6 11.7 29.5 9 99.5 9 132.1s2.7 102.7-9 132.1z\"><\/path><\/svg>\t\t\t\t\t<\/a>\n\t\t\t\t<\/span>\n\t\t\t\t\t\t\t<span class=\"elementor-grid-item\" role=\"listitem\">\n\t\t\t\t\t<a class=\"elementor-icon elementor-social-icon elementor-social-icon-facebook elementor-repeater-item-7aef46a\" href=\"https:\/\/www.facebook.com\/people\/PedaOl%C3%A9\/61581536193069\/?locale=es_ES\" target=\"_blank\">\n\t\t\t\t\t\t<span class=\"elementor-screen-only\">Facebook<\/span>\n\t\t\t\t\t\t<svg aria-hidden=\"true\" class=\"e-font-icon-svg e-fab-facebook\" viewBox=\"0 0 512 512\" xmlns=\"http:\/\/www.w3.org\/2000\/svg\"><path d=\"M504 256C504 119 393 8 256 8S8 119 8 256c0 123.78 90.69 226.38 209.25 245V327.69h-63V256h63v-54.64c0-62.15 37-96.48 93.67-96.48 27.14 0 55.52 4.84 55.52 4.84v61h-31.28c-30.8 0-40.41 19.12-40.41 38.73V256h68.78l-11 71.69h-57.78V501C413.31 482.38 504 379.78 504 256z\"><\/path><\/svg>\t\t\t\t\t<\/a>\n\t\t\t\t<\/span>\n\t\t\t\t\t\t\t<span class=\"elementor-grid-item\" role=\"listitem\">\n\t\t\t\t\t<a class=\"elementor-icon elementor-social-icon elementor-social-icon-tiktok elementor-repeater-item-7be69fe\" href=\"https:\/\/www.tiktok.com\/@pedaole_seville?_t=ZN-90PNS4TDtv4&#038;_r=1\" target=\"_blank\">\n\t\t\t\t\t\t<span class=\"elementor-screen-only\">Tiktok<\/span>\n\t\t\t\t\t\t<svg aria-hidden=\"true\" class=\"e-font-icon-svg e-fab-tiktok\" viewBox=\"0 0 448 512\" xmlns=\"http:\/\/www.w3.org\/2000\/svg\"><path d=\"M448,209.91a210.06,210.06,0,0,1-122.77-39.25V349.38A162.55,162.55,0,1,1,185,188.31V278.2a74.62,74.62,0,1,0,52.23,71.18V0l88,0a121.18,121.18,0,0,0,1.86,22.17h0A122.18,122.18,0,0,0,381,102.39a121.43,121.43,0,0,0,67,20.14Z\"><\/path><\/svg>\t\t\t\t\t<\/a>\n\t\t\t\t<\/span>\n\t\t\t\t\t<\/div>\n\t\t\t\t\t\t<\/div>\n\t\t\t\t<\/div>\n\t\t\t\t\t<\/div>\n\t\t\t\t<\/div>\n\t\t<div class=\"elementor-element elementor-element-82e11c8 e-flex e-con-boxed e-con e-parent\" data-id=\"82e11c8\" data-element_type=\"container\" data-e-type=\"container\">\n\t\t\t\t\t<div class=\"e-con-inner\">\n\t\t\t\t\t<\/div>\n\t\t\t\t<\/div>\n\t\t\t\t<\/div>\n\t\t","protected":false},"excerpt":{"rendered":"<p>Contattaci A Pedaol\u00e9, non ci limitiamo a organizzare tour: condividiamo con te la Siviglia pi\u00f9 autentica. Inviaci un messaggio e [&hellip;]<\/p>\n","protected":false},"author":1,"featured_media":0,"parent":0,"menu_order":0,"comment_status":"closed","ping_status":"closed","template":"","meta":{"site-sidebar-layout":"no-sidebar","site-content-layout":"","ast-site-content-layout":"full-width-container","site-content-style":"default","site-sidebar-style":"default","ast-global-header-display":"","ast-banner-title-visibility":"","ast-main-header-display":"","ast-hfb-above-header-display":"","ast-hfb-below-header-display":"","ast-hfb-mobile-header-display":"","site-post-title":"disabled","ast-breadcrumbs-content":"","ast-featured-img":"disabled","footer-sml-layout":"","ast-disable-related-posts":"","theme-transparent-header-meta":"","adv-header-id-meta":"","stick-header-meta":"","header-above-stick-meta":"","header-main-stick-meta":"","header-below-stick-meta":"","astra-migrate-meta-layouts":"default","ast-page-background-enabled":"default","ast-page-background-meta":{"desktop":{"background-color":"var(--ast-global-color-5)","background-image":"","background-repeat":"repeat","background-position":"center center","background-size":"auto","background-attachment":"scroll","background-type":"","background-media":"","overlay-type":"","overlay-color":"","overlay-opacity":"","overlay-gradient":""},"tablet":{"background-color":"","background-image":"","background-repeat":"repeat","background-position":"center center","background-size":"auto","background-attachment":"scroll","background-type":"","background-media":"","overlay-type":"","overlay-color":"","overlay-opacity":"","overlay-gradient":""},"mobile":{"background-color":"","background-image":"","background-repeat":"repeat","background-position":"center center","background-size":"auto","background-attachment":"scroll","background-type":"","background-media":"","overlay-type":"","overlay-color":"","overlay-opacity":"","overlay-gradient":""}},"ast-content-background-meta":{"desktop":{"background-color":"var(--ast-global-color-4)","background-image":"","background-repeat":"repeat","background-position":"center center","background-size":"auto","background-attachment":"scroll","background-type":"","background-media":"","overlay-type":"","overlay-color":"","overlay-opacity":"","overlay-gradient":""},"tablet":{"background-color":"var(--ast-global-color-4)","background-image":"","background-repeat":"repeat","background-position":"center center","background-size":"auto","background-attachment":"scroll","background-type":"","background-media":"","overlay-type":"","overlay-color":"","overlay-opacity":"","overlay-gradient":""},"mobile":{"background-color":"var(--ast-global-color-4)","background-image":"","background-repeat":"repeat","background-position":"center center","background-size":"auto","background-attachment":"scroll","background-type":"","background-media":"","overlay-type":"","overlay-color":"","overlay-opacity":"","overlay-gradient":""}},"_joinchat":[],"footnotes":""},"class_list":["post-968","page","type-page","status-publish","hentry"],"yoast_head":"<!-- This site is optimized with the Yoast SEO plugin v27.4 - https:\/\/yoast.com\/product\/yoast-seo-wordpress\/ -->\n<title>Contatto - PedaOl\u00e9<\/title>\n<meta name=\"description\" content=\"A Pedaol\u00e9, non ci limitiamo a organizzare tour: condividiamo con te la Siviglia pi\u00f9 autentica. Inviaci un messaggio e inizia a pedalare verso la tua prossima avventura.\" \/>\n<meta name=\"robots\" content=\"index, follow, max-snippet:-1, max-image-preview:large, max-video-preview:-1\" \/>\n<link rel=\"canonical\" href=\"https:\/\/pedaole.com\/it\/contatto\/\" \/>\n<meta property=\"og:locale\" content=\"it_IT\" \/>\n<meta property=\"og:type\" content=\"article\" \/>\n<meta property=\"og:title\" content=\"Contatto - PedaOl\u00e9\" \/>\n<meta property=\"og:description\" content=\"A Pedaol\u00e9, non ci limitiamo a organizzare tour: condividiamo con te la Siviglia pi\u00f9 autentica. Inviaci un messaggio e inizia a pedalare verso la tua prossima avventura.\" \/>\n<meta property=\"og:url\" content=\"https:\/\/pedaole.com\/it\/contatto\/\" \/>\n<meta property=\"og:site_name\" content=\"PedaOl\u00e9\" \/>\n<meta property=\"article:modified_time\" content=\"2026-05-07T08:54:46+00:00\" \/>\n<meta name=\"twitter:card\" content=\"summary_large_image\" \/>\n<script type=\"application\/ld+json\" class=\"yoast-schema-graph\">{\"@context\":\"https:\\\/\\\/schema.org\",\"@graph\":[{\"@type\":\"WebPage\",\"@id\":\"https:\\\/\\\/pedaole.com\\\/it\\\/contatto\\\/\",\"url\":\"https:\\\/\\\/pedaole.com\\\/it\\\/contatto\\\/\",\"name\":\"Contatto - PedaOl\u00e9\",\"isPartOf\":{\"@id\":\"https:\\\/\\\/pedaole.com\\\/it\\\/#website\"},\"datePublished\":\"2025-09-18T17:56:54+00:00\",\"dateModified\":\"2026-05-07T08:54:46+00:00\",\"description\":\"A Pedaol\u00e9, non ci limitiamo a organizzare tour: condividiamo con te la Siviglia pi\u00f9 autentica. Inviaci un messaggio e inizia a pedalare verso la tua prossima avventura.\",\"breadcrumb\":{\"@id\":\"https:\\\/\\\/pedaole.com\\\/it\\\/contatto\\\/#breadcrumb\"},\"inLanguage\":\"it-IT\",\"potentialAction\":[{\"@type\":\"ReadAction\",\"target\":[\"https:\\\/\\\/pedaole.com\\\/it\\\/contatto\\\/\"]}]},{\"@type\":\"BreadcrumbList\",\"@id\":\"https:\\\/\\\/pedaole.com\\\/it\\\/contatto\\\/#breadcrumb\",\"itemListElement\":[{\"@type\":\"ListItem\",\"position\":1,\"name\":\"Portada\",\"item\":\"https:\\\/\\\/pedaole.com\\\/it\\\/\"},{\"@type\":\"ListItem\",\"position\":2,\"name\":\"Contatto\"}]},{\"@type\":\"WebSite\",\"@id\":\"https:\\\/\\\/pedaole.com\\\/it\\\/#website\",\"url\":\"https:\\\/\\\/pedaole.com\\\/it\\\/\",\"name\":\"PedaOl\u00e9\",\"description\":\"Pedal &amp; Ol\u00e9! Explore Sevilla\",\"publisher\":{\"@id\":\"https:\\\/\\\/pedaole.com\\\/it\\\/#organization\"},\"potentialAction\":[{\"@type\":\"SearchAction\",\"target\":{\"@type\":\"EntryPoint\",\"urlTemplate\":\"https:\\\/\\\/pedaole.com\\\/it\\\/?s={search_term_string}\"},\"query-input\":{\"@type\":\"PropertyValueSpecification\",\"valueRequired\":true,\"valueName\":\"search_term_string\"}}],\"inLanguage\":\"it-IT\"},{\"@type\":\"Organization\",\"@id\":\"https:\\\/\\\/pedaole.com\\\/it\\\/#organization\",\"name\":\"PedaOl\u00e9\",\"url\":\"https:\\\/\\\/pedaole.com\\\/it\\\/\",\"logo\":{\"@type\":\"ImageObject\",\"inLanguage\":\"it-IT\",\"@id\":\"https:\\\/\\\/pedaole.com\\\/it\\\/#\\\/schema\\\/logo\\\/image\\\/\",\"url\":\"https:\\\/\\\/pedaole.com\\\/wp-content\\\/uploads\\\/2025\\\/09\\\/Pedaole_logo.png\",\"contentUrl\":\"https:\\\/\\\/pedaole.com\\\/wp-content\\\/uploads\\\/2025\\\/09\\\/Pedaole_logo.png\",\"width\":376,\"height\":126,\"caption\":\"PedaOl\u00e9\"},\"image\":{\"@id\":\"https:\\\/\\\/pedaole.com\\\/it\\\/#\\\/schema\\\/logo\\\/image\\\/\"}}]}<\/script>\n<!-- \/ Yoast SEO plugin. -->","yoast_head_json":{"title":"Contatto - PedaOl\u00e9","description":"A Pedaol\u00e9, non ci limitiamo a organizzare tour: condividiamo con te la Siviglia pi\u00f9 autentica. Inviaci un messaggio e inizia a pedalare verso la tua prossima avventura.","robots":{"index":"index","follow":"follow","max-snippet":"max-snippet:-1","max-image-preview":"max-image-preview:large","max-video-preview":"max-video-preview:-1"},"canonical":"https:\/\/pedaole.com\/it\/contatto\/","og_locale":"it_IT","og_type":"article","og_title":"Contatto - PedaOl\u00e9","og_description":"A Pedaol\u00e9, non ci limitiamo a organizzare tour: condividiamo con te la Siviglia pi\u00f9 autentica. Inviaci un messaggio e inizia a pedalare verso la tua prossima avventura.","og_url":"https:\/\/pedaole.com\/it\/contatto\/","og_site_name":"PedaOl\u00e9","article_modified_time":"2026-05-07T08:54:46+00:00","twitter_card":"summary_large_image","schema":{"@context":"https:\/\/schema.org","@graph":[{"@type":"WebPage","@id":"https:\/\/pedaole.com\/it\/contatto\/","url":"https:\/\/pedaole.com\/it\/contatto\/","name":"Contatto - PedaOl\u00e9","isPartOf":{"@id":"https:\/\/pedaole.com\/it\/#website"},"datePublished":"2025-09-18T17:56:54+00:00","dateModified":"2026-05-07T08:54:46+00:00","description":"A Pedaol\u00e9, non ci limitiamo a organizzare tour: condividiamo con te la Siviglia pi\u00f9 autentica. Inviaci un messaggio e inizia a pedalare verso la tua prossima avventura.","breadcrumb":{"@id":"https:\/\/pedaole.com\/it\/contatto\/#breadcrumb"},"inLanguage":"it-IT","potentialAction":[{"@type":"ReadAction","target":["https:\/\/pedaole.com\/it\/contatto\/"]}]},{"@type":"BreadcrumbList","@id":"https:\/\/pedaole.com\/it\/contatto\/#breadcrumb","itemListElement":[{"@type":"ListItem","position":1,"name":"Portada","item":"https:\/\/pedaole.com\/it\/"},{"@type":"ListItem","position":2,"name":"Contatto"}]},{"@type":"WebSite","@id":"https:\/\/pedaole.com\/it\/#website","url":"https:\/\/pedaole.com\/it\/","name":"PedaOl\u00e9","description":"Pedal &amp; Ol\u00e9! Explore Sevilla","publisher":{"@id":"https:\/\/pedaole.com\/it\/#organization"},"potentialAction":[{"@type":"SearchAction","target":{"@type":"EntryPoint","urlTemplate":"https:\/\/pedaole.com\/it\/?s={search_term_string}"},"query-input":{"@type":"PropertyValueSpecification","valueRequired":true,"valueName":"search_term_string"}}],"inLanguage":"it-IT"},{"@type":"Organization","@id":"https:\/\/pedaole.com\/it\/#organization","name":"PedaOl\u00e9","url":"https:\/\/pedaole.com\/it\/","logo":{"@type":"ImageObject","inLanguage":"it-IT","@id":"https:\/\/pedaole.com\/it\/#\/schema\/logo\/image\/","url":"https:\/\/pedaole.com\/wp-content\/uploads\/2025\/09\/Pedaole_logo.png","contentUrl":"https:\/\/pedaole.com\/wp-content\/uploads\/2025\/09\/Pedaole_logo.png","width":376,"height":126,"caption":"PedaOl\u00e9"},"image":{"@id":"https:\/\/pedaole.com\/it\/#\/schema\/logo\/image\/"}}]}},"_links":{"self":[{"href":"https:\/\/pedaole.com\/it\/wp-json\/wp\/v2\/pages\/968","targetHints":{"allow":["GET"]}}],"collection":[{"href":"https:\/\/pedaole.com\/it\/wp-json\/wp\/v2\/pages"}],"about":[{"href":"https:\/\/pedaole.com\/it\/wp-json\/wp\/v2\/types\/page"}],"author":[{"embeddable":true,"href":"https:\/\/pedaole.com\/it\/wp-json\/wp\/v2\/users\/1"}],"replies":[{"embeddable":true,"href":"https:\/\/pedaole.com\/it\/wp-json\/wp\/v2\/comments?post=968"}],"version-history":[{"count":3,"href":"https:\/\/pedaole.com\/it\/wp-json\/wp\/v2\/pages\/968\/revisions"}],"predecessor-version":[{"id":1351,"href":"https:\/\/pedaole.com\/it\/wp-json\/wp\/v2\/pages\/968\/revisions\/1351"}],"wp:attachment":[{"href":"https:\/\/pedaole.com\/it\/wp-json\/wp\/v2\/media?parent=968"}],"curies":[{"name":"wp","href":"https:\/\/api.w.org\/{rel}","templated":true}]}}